{"id":8411,"date":"2024-01-11T14:43:09","date_gmt":"2024-01-11T14:43:09","guid":{"rendered":"https:\/\/eralux.com\/?post_type=product&#038;p=8411"},"modified":"2024-01-15T17:13:44","modified_gmt":"2024-01-15T17:13:44","slug":"maven-canopy","status":"publish","type":"product","link":"https:\/\/eralux.com\/fr\/produit\/maven-canopy\/","title":{"rendered":"MAVEN CANOPY"},"content":{"rendered":"<p>Le Maven CANOPY a \u00e9t\u00e9 con\u00e7u pour une installation rapide et facile sans syst\u00e8me de rails pr\u00e9existant. Combinaison parfaite avec les autres luminaires sur rail de la s\u00e9rie MAVEN, MAVEN CANOPY se fixe sans probl\u00e8me sur la surface de votre choix. Disponible en diff\u00e9rents CCT et options d&#8217;adaptateurs, MAVEN offre une distribution uniforme \u00e0 diff\u00e9rents angles de rayonnement. La t\u00eate de la LED est r\u00e9glable pour une rotation de 355 degr\u00e9s, et peut se plier jusqu&#8217;\u00e0 90 degr\u00e9s pour une large gamme de mouvements.<\/p>\n","protected":false},"excerpt":{"rendered":"<p>Fixation de l&#8217;auvent pour montage en surface<\/p>\n","protected":false},"featured_media":8511,"comment_status":"open","ping_status":"closed","template":"","meta":{"inline_featured_image":false},"product_brand":[],"product_cat":[1679],"product_tag":[],"class_list":{"0":"post-8411","1":"product","2":"type-product","3":"status-publish","4":"has-post-thumbnail","6":"spec_sheets-nf-fr-2","7":"spec_sheets-12-fr-2","8":"spec_sheets-fl-fr-2","9":"spec_sheets-wf-fr-3","10":"spec_sheets-p-fr-3","11":"spec_sheets-wh-fr","12":"spec_sheets-bk-fr","13":"spec_sheets-sv-fr","14":"spec_sheets-distribution-fr","15":"spec_sheets-cct-fr","16":"spec_sheets-cri-fr","17":"spec_sheets-finition","18":"spec_sheets-tension","19":"spec_sheets-30-fr","20":"spec_sheets-40-fr","21":"product_applications-hotellerie","22":"product_applications-magasin-de-mode","23":"product_applications-education-fr","24":"product_applications-bureau-commercial","25":"product_segments-monopoint","26":"product_segments-projecteurs-sur-rail","27":"product_cat-ae-tl-mvc-fr","29":"first","30":"instock","31":"shipping-taxable","32":"purchasable","33":"product-type-simple"},"yoast_head":"<!-- This site is optimized with the Yoast SEO Premium plugin v24.2 (Yoast SEO v27.4) - https:\/\/yoast.com\/product\/yoast-seo-premium-wordpress\/ -->\n<title>MAVEN CANOPY - Eralux<\/title>\n<meta name=\"description\" content=\"Le Maven CANOPY a \u00e9t\u00e9 con\u00e7u pour une installation rapide et facile sans syst\u00e8me de rails pr\u00e9existant. Combinaison parfaite avec les autres luminaires sur rail de la s\u00e9rie MAVEN, MAVEN CANOPY se fixe sans probl\u00e8me sur la surface de votre choix. Disponible en diff\u00e9rents CCT et options d&#039;adaptateurs, MAVEN offre une distribution uniforme \u00e0 diff\u00e9rents angles de rayonnement. La t\u00eate de la LED est r\u00e9glable pour une rotation de 355 degr\u00e9s, et peut se plier jusqu&#039;\u00e0 90 degr\u00e9s pour une large gamme de mouvements.\" \/>\n<meta name=\"robots\" content=\"index, follow, max-snippet:-1, max-image-preview:large, max-video-preview:-1\" \/>\n<link rel=\"canonical\" href=\"https:\/\/eralux.com\/fr\/produit\/maven-canopy\/\" \/>\n<meta property=\"og:locale\" content=\"fr_FR\" \/>\n<meta property=\"og:type\" content=\"article\" \/>\n<meta property=\"og:title\" content=\"MAVEN CANOPY\" \/>\n<meta property=\"og:description\" content=\"Le Maven CANOPY a \u00e9t\u00e9 con\u00e7u pour une installation rapide et facile sans syst\u00e8me de rails pr\u00e9existant. Combinaison parfaite avec les autres luminaires sur rail de la s\u00e9rie MAVEN, MAVEN CANOPY se fixe sans probl\u00e8me sur la surface de votre choix. Disponible en diff\u00e9rents CCT et options d&#039;adaptateurs, MAVEN offre une distribution uniforme \u00e0 diff\u00e9rents angles de rayonnement. La t\u00eate de la LED est r\u00e9glable pour une rotation de 355 degr\u00e9s, et peut se plier jusqu&#039;\u00e0 90 degr\u00e9s pour une large gamme de mouvements.\" \/>\n<meta property=\"og:url\" content=\"https:\/\/eralux.com\/fr\/produit\/maven-canopy\/\" \/>\n<meta property=\"og:site_name\" content=\"Eralux\" \/>\n<meta property=\"article:publisher\" content=\"https:\/\/www.facebook.com\/aeralux.corp\" \/>\n<meta property=\"article:modified_time\" content=\"2024-01-15T17:13:44+00:00\" \/>\n<meta property=\"og:image\" content=\"https:\/\/eralux.com\/wp-content\/uploads\/2024\/01\/ERALUX-Maven-Canopy-Mono-point-light2-1.png\" \/>\n\t<meta property=\"og:image:width\" content=\"1000\" \/>\n\t<meta property=\"og:image:height\" content=\"1000\" \/>\n\t<meta property=\"og:image:type\" content=\"image\/png\" \/>\n<meta name=\"twitter:card\" content=\"summary_large_image\" \/>\n<meta name=\"twitter:site\" content=\"@eralux_inc\" \/>\n<meta name=\"twitter:label1\" content=\"Prix\" \/>\n\t<meta name=\"twitter:data1\" content=\"&#036;0.00\" \/>\n\t<meta name=\"twitter:label2\" content=\"Disponibilit\u00e9\" \/>\n\t<meta name=\"twitter:data2\" content=\"En stock\" \/>\n<script type=\"application\/ld+json\" class=\"yoast-schema-graph\">{\"@context\":\"https:\\\/\\\/schema.org\",\"@graph\":[{\"@type\":\"WebPage\",\"@id\":\"https:\\\/\\\/eralux.com\\\/fr\\\/produit\\\/maven-canopy\\\/\",\"url\":\"https:\\\/\\\/eralux.com\\\/fr\\\/produit\\\/maven-canopy\\\/\",\"name\":\"MAVEN CANOPY - Eralux\",\"isPartOf\":{\"@id\":\"https:\\\/\\\/eralux.com\\\/fr\\\/#website\"},\"primaryImageOfPage\":{\"@id\":\"https:\\\/\\\/eralux.com\\\/fr\\\/produit\\\/maven-canopy\\\/#primaryimage\"},\"image\":{\"@id\":\"https:\\\/\\\/eralux.com\\\/fr\\\/produit\\\/maven-canopy\\\/#primaryimage\"},\"thumbnailUrl\":\"https:\\\/\\\/eralux.com\\\/wp-content\\\/uploads\\\/2024\\\/01\\\/ERALUX-Maven-Canopy-Mono-point-light2-1.png\",\"datePublished\":\"2024-01-11T14:43:09+00:00\",\"dateModified\":\"2024-01-15T17:13:44+00:00\",\"description\":\"Le Maven CANOPY a \u00e9t\u00e9 con\u00e7u pour une installation rapide et facile sans syst\u00e8me de rails pr\u00e9existant. Combinaison parfaite avec les autres luminaires sur rail de la s\u00e9rie MAVEN, MAVEN CANOPY se fixe sans probl\u00e8me sur la surface de votre choix. Disponible en diff\u00e9rents CCT et options d'adaptateurs, MAVEN offre une distribution uniforme \u00e0 diff\u00e9rents angles de rayonnement. La t\u00eate de la LED est r\u00e9glable pour une rotation de 355 degr\u00e9s, et peut se plier jusqu'\u00e0 90 degr\u00e9s pour une large gamme de mouvements.\",\"breadcrumb\":{\"@id\":\"https:\\\/\\\/eralux.com\\\/fr\\\/produit\\\/maven-canopy\\\/#breadcrumb\"},\"inLanguage\":\"fr-FR\",\"potentialAction\":[{\"@type\":\"ReadAction\",\"target\":[\"https:\\\/\\\/eralux.com\\\/fr\\\/produit\\\/maven-canopy\\\/\"]}]},{\"@type\":\"ImageObject\",\"inLanguage\":\"fr-FR\",\"@id\":\"https:\\\/\\\/eralux.com\\\/fr\\\/produit\\\/maven-canopy\\\/#primaryimage\",\"url\":\"https:\\\/\\\/eralux.com\\\/wp-content\\\/uploads\\\/2024\\\/01\\\/ERALUX-Maven-Canopy-Mono-point-light2-1.png\",\"contentUrl\":\"https:\\\/\\\/eralux.com\\\/wp-content\\\/uploads\\\/2024\\\/01\\\/ERALUX-Maven-Canopy-Mono-point-light2-1.png\",\"width\":1000,\"height\":1000},{\"@type\":\"BreadcrumbList\",\"@id\":\"https:\\\/\\\/eralux.com\\\/fr\\\/produit\\\/maven-canopy\\\/#breadcrumb\",\"itemListElement\":[{\"@type\":\"ListItem\",\"position\":1,\"name\":\"Home\",\"item\":\"https:\\\/\\\/eralux.com\\\/fr\\\/\"},{\"@type\":\"ListItem\",\"position\":2,\"name\":\"Shop\",\"item\":\"https:\\\/\\\/eralux.com\\\/shop\\\/\"},{\"@type\":\"ListItem\",\"position\":3,\"name\":\"MAVEN CANOPY\"}]},{\"@type\":\"WebSite\",\"@id\":\"https:\\\/\\\/eralux.com\\\/fr\\\/#website\",\"url\":\"https:\\\/\\\/eralux.com\\\/fr\\\/\",\"name\":\"Eralux\",\"description\":\"World leader for Energy Saving LED Solutions\",\"publisher\":{\"@id\":\"https:\\\/\\\/eralux.com\\\/fr\\\/#organization\"},\"alternateName\":\"Led manufacturer Canada\",\"potentialAction\":[{\"@type\":\"SearchAction\",\"target\":{\"@type\":\"EntryPoint\",\"urlTemplate\":\"https:\\\/\\\/eralux.com\\\/fr\\\/?s={search_term_string}\"},\"query-input\":{\"@type\":\"PropertyValueSpecification\",\"valueRequired\":true,\"valueName\":\"search_term_string\"}}],\"inLanguage\":\"fr-FR\"},{\"@type\":\"Organization\",\"@id\":\"https:\\\/\\\/eralux.com\\\/fr\\\/#organization\",\"name\":\"Eralux\",\"url\":\"https:\\\/\\\/eralux.com\\\/fr\\\/\",\"logo\":{\"@type\":\"ImageObject\",\"inLanguage\":\"fr-FR\",\"@id\":\"https:\\\/\\\/eralux.com\\\/fr\\\/#\\\/schema\\\/logo\\\/image\\\/\",\"url\":\"https:\\\/\\\/eralux.com\\\/wp-content\\\/uploads\\\/2024\\\/01\\\/eralux-logo-trademark-R.png\",\"contentUrl\":\"https:\\\/\\\/eralux.com\\\/wp-content\\\/uploads\\\/2024\\\/01\\\/eralux-logo-trademark-R.png\",\"width\":1000,\"height\":446,\"caption\":\"Eralux\"},\"image\":{\"@id\":\"https:\\\/\\\/eralux.com\\\/fr\\\/#\\\/schema\\\/logo\\\/image\\\/\"},\"sameAs\":[\"https:\\\/\\\/www.facebook.com\\\/aeralux.corp\",\"https:\\\/\\\/x.com\\\/eralux_inc\"],\"description\":\"Save on energy with high-performance LED solutions. Choose Eralux for eco-friendly lighting. Explore our range today!\"}]}<\/script>\n<meta property=\"product:price:amount\" content=\"0.00\" \/>\n<meta property=\"product:price:currency\" content=\"CAD\" \/>\n<meta property=\"og:availability\" content=\"instock\" \/>\n<meta property=\"product:availability\" content=\"instock\" \/>\n<meta property=\"product:condition\" content=\"new\" \/>\n<!-- \/ Yoast SEO Premium plugin. -->","yoast_head_json":{"title":"MAVEN CANOPY - Eralux","description":"Le Maven CANOPY a \u00e9t\u00e9 con\u00e7u pour une installation rapide et facile sans syst\u00e8me de rails pr\u00e9existant. Combinaison parfaite avec les autres luminaires sur rail de la s\u00e9rie MAVEN, MAVEN CANOPY se fixe sans probl\u00e8me sur la surface de votre choix. Disponible en diff\u00e9rents CCT et options d'adaptateurs, MAVEN offre une distribution uniforme \u00e0 diff\u00e9rents angles de rayonnement. La t\u00eate de la LED est r\u00e9glable pour une rotation de 355 degr\u00e9s, et peut se plier jusqu'\u00e0 90 degr\u00e9s pour une large gamme de mouvements.","robots":{"index":"index","follow":"follow","max-snippet":"max-snippet:-1","max-image-preview":"max-image-preview:large","max-video-preview":"max-video-preview:-1"},"canonical":"https:\/\/eralux.com\/fr\/produit\/maven-canopy\/","og_locale":"fr_FR","og_type":"article","og_title":"MAVEN CANOPY","og_description":"Le Maven CANOPY a \u00e9t\u00e9 con\u00e7u pour une installation rapide et facile sans syst\u00e8me de rails pr\u00e9existant. Combinaison parfaite avec les autres luminaires sur rail de la s\u00e9rie MAVEN, MAVEN CANOPY se fixe sans probl\u00e8me sur la surface de votre choix. Disponible en diff\u00e9rents CCT et options d'adaptateurs, MAVEN offre une distribution uniforme \u00e0 diff\u00e9rents angles de rayonnement. La t\u00eate de la LED est r\u00e9glable pour une rotation de 355 degr\u00e9s, et peut se plier jusqu'\u00e0 90 degr\u00e9s pour une large gamme de mouvements.","og_url":"https:\/\/eralux.com\/fr\/produit\/maven-canopy\/","og_site_name":"Eralux","article_publisher":"https:\/\/www.facebook.com\/aeralux.corp","article_modified_time":"2024-01-15T17:13:44+00:00","og_image":[{"width":1000,"height":1000,"url":"https:\/\/eralux.com\/wp-content\/uploads\/2024\/01\/ERALUX-Maven-Canopy-Mono-point-light2-1.png","type":"image\/png"}],"twitter_card":"summary_large_image","twitter_site":"@eralux_inc","twitter_misc":{"Prix":"&#36;0.00","Disponibilit\u00e9":"En stock"},"schema":{"@context":"https:\/\/schema.org","@graph":[{"@type":"WebPage","@id":"https:\/\/eralux.com\/fr\/produit\/maven-canopy\/","url":"https:\/\/eralux.com\/fr\/produit\/maven-canopy\/","name":"MAVEN CANOPY - Eralux","isPartOf":{"@id":"https:\/\/eralux.com\/fr\/#website"},"primaryImageOfPage":{"@id":"https:\/\/eralux.com\/fr\/produit\/maven-canopy\/#primaryimage"},"image":{"@id":"https:\/\/eralux.com\/fr\/produit\/maven-canopy\/#primaryimage"},"thumbnailUrl":"https:\/\/eralux.com\/wp-content\/uploads\/2024\/01\/ERALUX-Maven-Canopy-Mono-point-light2-1.png","datePublished":"2024-01-11T14:43:09+00:00","dateModified":"2024-01-15T17:13:44+00:00","description":"Le Maven CANOPY a \u00e9t\u00e9 con\u00e7u pour une installation rapide et facile sans syst\u00e8me de rails pr\u00e9existant. Combinaison parfaite avec les autres luminaires sur rail de la s\u00e9rie MAVEN, MAVEN CANOPY se fixe sans probl\u00e8me sur la surface de votre choix. Disponible en diff\u00e9rents CCT et options d'adaptateurs, MAVEN offre une distribution uniforme \u00e0 diff\u00e9rents angles de rayonnement. La t\u00eate de la LED est r\u00e9glable pour une rotation de 355 degr\u00e9s, et peut se plier jusqu'\u00e0 90 degr\u00e9s pour une large gamme de mouvements.","breadcrumb":{"@id":"https:\/\/eralux.com\/fr\/produit\/maven-canopy\/#breadcrumb"},"inLanguage":"fr-FR","potentialAction":[{"@type":"ReadAction","target":["https:\/\/eralux.com\/fr\/produit\/maven-canopy\/"]}]},{"@type":"ImageObject","inLanguage":"fr-FR","@id":"https:\/\/eralux.com\/fr\/produit\/maven-canopy\/#primaryimage","url":"https:\/\/eralux.com\/wp-content\/uploads\/2024\/01\/ERALUX-Maven-Canopy-Mono-point-light2-1.png","contentUrl":"https:\/\/eralux.com\/wp-content\/uploads\/2024\/01\/ERALUX-Maven-Canopy-Mono-point-light2-1.png","width":1000,"height":1000},{"@type":"BreadcrumbList","@id":"https:\/\/eralux.com\/fr\/produit\/maven-canopy\/#breadcrumb","itemListElement":[{"@type":"ListItem","position":1,"name":"Home","item":"https:\/\/eralux.com\/fr\/"},{"@type":"ListItem","position":2,"name":"Shop","item":"https:\/\/eralux.com\/shop\/"},{"@type":"ListItem","position":3,"name":"MAVEN CANOPY"}]},{"@type":"WebSite","@id":"https:\/\/eralux.com\/fr\/#website","url":"https:\/\/eralux.com\/fr\/","name":"Eralux","description":"World leader for Energy Saving LED Solutions","publisher":{"@id":"https:\/\/eralux.com\/fr\/#organization"},"alternateName":"Led manufacturer Canada","potentialAction":[{"@type":"SearchAction","target":{"@type":"EntryPoint","urlTemplate":"https:\/\/eralux.com\/fr\/?s={search_term_string}"},"query-input":{"@type":"PropertyValueSpecification","valueRequired":true,"valueName":"search_term_string"}}],"inLanguage":"fr-FR"},{"@type":"Organization","@id":"https:\/\/eralux.com\/fr\/#organization","name":"Eralux","url":"https:\/\/eralux.com\/fr\/","logo":{"@type":"ImageObject","inLanguage":"fr-FR","@id":"https:\/\/eralux.com\/fr\/#\/schema\/logo\/image\/","url":"https:\/\/eralux.com\/wp-content\/uploads\/2024\/01\/eralux-logo-trademark-R.png","contentUrl":"https:\/\/eralux.com\/wp-content\/uploads\/2024\/01\/eralux-logo-trademark-R.png","width":1000,"height":446,"caption":"Eralux"},"image":{"@id":"https:\/\/eralux.com\/fr\/#\/schema\/logo\/image\/"},"sameAs":["https:\/\/www.facebook.com\/aeralux.corp","https:\/\/x.com\/eralux_inc"],"description":"Save on energy with high-performance LED solutions. Choose Eralux for eco-friendly lighting. Explore our range today!"}]},"product_price_amount":"0.00","product_price_currency":"CAD","og_availability":"instock","product_availability":"instock","product_condition":"new"},"_links":{"self":[{"href":"https:\/\/eralux.com\/fr\/wp-json\/wp\/v2\/product\/8411","targetHints":{"allow":["GET"]}}],"collection":[{"href":"https:\/\/eralux.com\/fr\/wp-json\/wp\/v2\/product"}],"about":[{"href":"https:\/\/eralux.com\/fr\/wp-json\/wp\/v2\/types\/product"}],"replies":[{"embeddable":true,"href":"https:\/\/eralux.com\/fr\/wp-json\/wp\/v2\/comments?post=8411"}],"wp:featuredmedia":[{"embeddable":true,"href":"https:\/\/eralux.com\/fr\/wp-json\/wp\/v2\/media\/8511"}],"wp:attachment":[{"href":"https:\/\/eralux.com\/fr\/wp-json\/wp\/v2\/media?parent=8411"}],"wp:term":[{"taxonomy":"product_brand","embeddable":true,"href":"https:\/\/eralux.com\/fr\/wp-json\/wp\/v2\/product_brand?post=8411"},{"taxonomy":"product_cat","embeddable":true,"href":"https:\/\/eralux.com\/fr\/wp-json\/wp\/v2\/product_cat?post=8411"},{"taxonomy":"product_tag","embeddable":true,"href":"https:\/\/eralux.com\/fr\/wp-json\/wp\/v2\/product_tag?post=8411"}],"curies":[{"name":"wp","href":"https:\/\/api.w.org\/{rel}","templated":true}]}}