{"id":8650,"date":"2024-01-11T19:30:23","date_gmt":"2024-01-11T19:30:23","guid":{"rendered":"https:\/\/eralux.com\/product\/lumina\/"},"modified":"2025-01-10T13:15:57","modified_gmt":"2025-01-10T13:15:57","slug":"lumina","status":"publish","type":"product","link":"https:\/\/eralux.com\/fr\/produit\/lumina\/","title":{"rendered":"LUMINA"},"content":{"rendered":"<p>Les luminaires industriels de la s\u00e9rie Lumina sont fabriqu\u00e9s \u00e0 partir de mat\u00e9riaux robustes qui peuvent r\u00e9sister \u00e0 des environnements difficiles. Son efficacit\u00e9 lumineuse \u00e9lev\u00e9e et les diff\u00e9rentes variations de puissance et de TDC lui permettent de se d\u00e9marquer. La s\u00e9rie Lumina est livr\u00e9e en standard avec les indices IP65, IK08 et NSF, ce qui en fait la solution id\u00e9ale pour les environnements difficiles.<\/p>\n","protected":false},"excerpt":{"rendered":"<p>UFO Haute Baie<\/p>\n","protected":false},"featured_media":10497,"comment_status":"open","ping_status":"closed","template":"","meta":{"inline_featured_image":false},"product_brand":[],"product_cat":[1756],"product_tag":[],"class_list":{"0":"post-8650","1":"product","2":"type-product","3":"status-publish","4":"has-post-thumbnail","6":"spec_sheets-g120-fr","7":"spec_sheets-d-fr-5","8":"spec_sheets-8-fr-7","9":"spec_sheets-uv-fr-2","10":"spec_sheets-hv-fr","11":"spec_sheets-320w-fr","12":"spec_sheets-beam-angle-fr","13":"spec_sheets-cct-fr","14":"spec_sheets-40-fr-7","15":"spec_sheets-cri-fr","16":"spec_sheets-50-fr-4","17":"spec_sheets-attenuation","18":"spec_sheets-puissance","19":"spec_sheets-tension","20":"product_applications-industriel","21":"product_segments-luminaires-industriels","22":"product_cat-ae-il-lm-fr","24":"first","25":"instock","26":"shipping-taxable","27":"purchasable","28":"product-type-simple"},"yoast_head":"<!-- This site is optimized with the Yoast SEO Premium plugin v24.2 (Yoast SEO v27.4) - https:\/\/yoast.com\/product\/yoast-seo-premium-wordpress\/ -->\n<title>LUMINA - Eralux (Fabricant LED Canada)<\/title>\n<meta name=\"description\" content=\"Les luminaires industriels de la s\u00e9rie Lumina sont fabriqu\u00e9s \u00e0 partir de mat\u00e9riaux robustes qui peuvent r\u00e9sister \u00e0 des environnements difficiles. Son efficacit\u00e9 lumineuse \u00e9lev\u00e9e et les diff\u00e9rentes variations de puissance et de TDC lui permettent de se d\u00e9marquer. La s\u00e9rie Lumina est livr\u00e9e en standard avec les indices IP65, IK08 et NSF, ce qui en fait la solution id\u00e9ale pour les environnements difficiles.\" \/>\n<meta name=\"robots\" content=\"index, follow, max-snippet:-1, max-image-preview:large, max-video-preview:-1\" \/>\n<link rel=\"canonical\" href=\"https:\/\/eralux.com\/fr\/produit\/lumina\/\" \/>\n<meta property=\"og:locale\" content=\"fr_FR\" \/>\n<meta property=\"og:type\" content=\"article\" \/>\n<meta property=\"og:title\" content=\"LUMINA\" \/>\n<meta property=\"og:description\" content=\"Les luminaires industriels de la s\u00e9rie Lumina sont fabriqu\u00e9s \u00e0 partir de mat\u00e9riaux robustes qui peuvent r\u00e9sister \u00e0 des environnements difficiles. Son efficacit\u00e9 lumineuse \u00e9lev\u00e9e et les diff\u00e9rentes variations de puissance et de TDC lui permettent de se d\u00e9marquer. La s\u00e9rie Lumina est livr\u00e9e en standard avec les indices IP65, IK08 et NSF, ce qui en fait la solution id\u00e9ale pour les environnements difficiles.\" \/>\n<meta property=\"og:url\" content=\"https:\/\/eralux.com\/fr\/produit\/lumina\/\" \/>\n<meta property=\"og:site_name\" content=\"Eralux\" \/>\n<meta property=\"article:publisher\" content=\"https:\/\/www.facebook.com\/aeralux.corp\" \/>\n<meta property=\"article:modified_time\" content=\"2025-01-10T13:15:57+00:00\" \/>\n<meta property=\"og:image\" content=\"https:\/\/eralux.com\/wp-content\/uploads\/2024\/01\/LM-320\u2552\u00b2\u251c\u00b52-e1712330065747.png\" \/>\n\t<meta property=\"og:image:width\" content=\"1000\" \/>\n\t<meta property=\"og:image:height\" content=\"769\" \/>\n\t<meta property=\"og:image:type\" content=\"image\/png\" \/>\n<meta name=\"twitter:card\" content=\"summary_large_image\" \/>\n<meta name=\"twitter:site\" content=\"@eralux_inc\" \/>\n<meta name=\"twitter:label1\" content=\"Prix\" \/>\n\t<meta name=\"twitter:data1\" content=\"&#036;0.00\" \/>\n\t<meta name=\"twitter:label2\" content=\"Disponibilit\u00e9\" \/>\n\t<meta name=\"twitter:data2\" content=\"En stock\" \/>\n<script type=\"application\/ld+json\" class=\"yoast-schema-graph\">{\"@context\":\"https:\\\/\\\/schema.org\",\"@graph\":[{\"@type\":\"WebPage\",\"@id\":\"https:\\\/\\\/eralux.com\\\/fr\\\/produit\\\/lumina\\\/\",\"url\":\"https:\\\/\\\/eralux.com\\\/fr\\\/produit\\\/lumina\\\/\",\"name\":\"LUMINA - Eralux (Fabricant LED Canada)\",\"isPartOf\":{\"@id\":\"https:\\\/\\\/eralux.com\\\/fr\\\/#website\"},\"primaryImageOfPage\":{\"@id\":\"https:\\\/\\\/eralux.com\\\/fr\\\/produit\\\/lumina\\\/#primaryimage\"},\"image\":{\"@id\":\"https:\\\/\\\/eralux.com\\\/fr\\\/produit\\\/lumina\\\/#primaryimage\"},\"thumbnailUrl\":\"https:\\\/\\\/eralux.com\\\/wp-content\\\/uploads\\\/2024\\\/01\\\/LM-320\u2552\u00b2\u251c\u00b52-e1712330065747.png\",\"datePublished\":\"2024-01-11T19:30:23+00:00\",\"dateModified\":\"2025-01-10T13:15:57+00:00\",\"description\":\"Les luminaires industriels de la s\u00e9rie Lumina sont fabriqu\u00e9s \u00e0 partir de mat\u00e9riaux robustes qui peuvent r\u00e9sister \u00e0 des environnements difficiles. Son efficacit\u00e9 lumineuse \u00e9lev\u00e9e et les diff\u00e9rentes variations de puissance et de TDC lui permettent de se d\u00e9marquer. La s\u00e9rie Lumina est livr\u00e9e en standard avec les indices IP65, IK08 et NSF, ce qui en fait la solution id\u00e9ale pour les environnements difficiles.\",\"breadcrumb\":{\"@id\":\"https:\\\/\\\/eralux.com\\\/fr\\\/produit\\\/lumina\\\/#breadcrumb\"},\"inLanguage\":\"fr-FR\",\"potentialAction\":[{\"@type\":\"ReadAction\",\"target\":[\"https:\\\/\\\/eralux.com\\\/fr\\\/produit\\\/lumina\\\/\"]}]},{\"@type\":\"ImageObject\",\"inLanguage\":\"fr-FR\",\"@id\":\"https:\\\/\\\/eralux.com\\\/fr\\\/produit\\\/lumina\\\/#primaryimage\",\"url\":\"https:\\\/\\\/eralux.com\\\/wp-content\\\/uploads\\\/2024\\\/01\\\/LM-320\u2552\u00b2\u251c\u00b52-e1712330065747.png\",\"contentUrl\":\"https:\\\/\\\/eralux.com\\\/wp-content\\\/uploads\\\/2024\\\/01\\\/LM-320\u2552\u00b2\u251c\u00b52-e1712330065747.png\",\"width\":1000,\"height\":769},{\"@type\":\"BreadcrumbList\",\"@id\":\"https:\\\/\\\/eralux.com\\\/fr\\\/produit\\\/lumina\\\/#breadcrumb\",\"itemListElement\":[{\"@type\":\"ListItem\",\"position\":1,\"name\":\"Home\",\"item\":\"https:\\\/\\\/eralux.com\\\/fr\\\/\"},{\"@type\":\"ListItem\",\"position\":2,\"name\":\"Shop\",\"item\":\"https:\\\/\\\/eralux.com\\\/shop\\\/\"},{\"@type\":\"ListItem\",\"position\":3,\"name\":\"LUMINA\"}]},{\"@type\":\"WebSite\",\"@id\":\"https:\\\/\\\/eralux.com\\\/fr\\\/#website\",\"url\":\"https:\\\/\\\/eralux.com\\\/fr\\\/\",\"name\":\"Eralux\",\"description\":\"World leader for Energy Saving LED Solutions\",\"publisher\":{\"@id\":\"https:\\\/\\\/eralux.com\\\/fr\\\/#organization\"},\"alternateName\":\"Led manufacturer Canada\",\"potentialAction\":[{\"@type\":\"SearchAction\",\"target\":{\"@type\":\"EntryPoint\",\"urlTemplate\":\"https:\\\/\\\/eralux.com\\\/fr\\\/?s={search_term_string}\"},\"query-input\":{\"@type\":\"PropertyValueSpecification\",\"valueRequired\":true,\"valueName\":\"search_term_string\"}}],\"inLanguage\":\"fr-FR\"},{\"@type\":\"Organization\",\"@id\":\"https:\\\/\\\/eralux.com\\\/fr\\\/#organization\",\"name\":\"Eralux\",\"url\":\"https:\\\/\\\/eralux.com\\\/fr\\\/\",\"logo\":{\"@type\":\"ImageObject\",\"inLanguage\":\"fr-FR\",\"@id\":\"https:\\\/\\\/eralux.com\\\/fr\\\/#\\\/schema\\\/logo\\\/image\\\/\",\"url\":\"https:\\\/\\\/eralux.com\\\/wp-content\\\/uploads\\\/2024\\\/01\\\/eralux-logo-trademark-R.png\",\"contentUrl\":\"https:\\\/\\\/eralux.com\\\/wp-content\\\/uploads\\\/2024\\\/01\\\/eralux-logo-trademark-R.png\",\"width\":1000,\"height\":446,\"caption\":\"Eralux\"},\"image\":{\"@id\":\"https:\\\/\\\/eralux.com\\\/fr\\\/#\\\/schema\\\/logo\\\/image\\\/\"},\"sameAs\":[\"https:\\\/\\\/www.facebook.com\\\/aeralux.corp\",\"https:\\\/\\\/x.com\\\/eralux_inc\"],\"description\":\"Save on energy with high-performance LED solutions. Choose Eralux for eco-friendly lighting. Explore our range today!\"}]}<\/script>\n<meta property=\"product:price:amount\" content=\"0.00\" \/>\n<meta property=\"product:price:currency\" content=\"CAD\" \/>\n<meta property=\"og:availability\" content=\"instock\" \/>\n<meta property=\"product:availability\" content=\"instock\" \/>\n<meta property=\"product:condition\" content=\"new\" \/>\n<!-- \/ Yoast SEO Premium plugin. -->","yoast_head_json":{"title":"LUMINA - Eralux (Fabricant LED Canada)","description":"Les luminaires industriels de la s\u00e9rie Lumina sont fabriqu\u00e9s \u00e0 partir de mat\u00e9riaux robustes qui peuvent r\u00e9sister \u00e0 des environnements difficiles. Son efficacit\u00e9 lumineuse \u00e9lev\u00e9e et les diff\u00e9rentes variations de puissance et de TDC lui permettent de se d\u00e9marquer. La s\u00e9rie Lumina est livr\u00e9e en standard avec les indices IP65, IK08 et NSF, ce qui en fait la solution id\u00e9ale pour les environnements difficiles.","robots":{"index":"index","follow":"follow","max-snippet":"max-snippet:-1","max-image-preview":"max-image-preview:large","max-video-preview":"max-video-preview:-1"},"canonical":"https:\/\/eralux.com\/fr\/produit\/lumina\/","og_locale":"fr_FR","og_type":"article","og_title":"LUMINA","og_description":"Les luminaires industriels de la s\u00e9rie Lumina sont fabriqu\u00e9s \u00e0 partir de mat\u00e9riaux robustes qui peuvent r\u00e9sister \u00e0 des environnements difficiles. Son efficacit\u00e9 lumineuse \u00e9lev\u00e9e et les diff\u00e9rentes variations de puissance et de TDC lui permettent de se d\u00e9marquer. La s\u00e9rie Lumina est livr\u00e9e en standard avec les indices IP65, IK08 et NSF, ce qui en fait la solution id\u00e9ale pour les environnements difficiles.","og_url":"https:\/\/eralux.com\/fr\/produit\/lumina\/","og_site_name":"Eralux","article_publisher":"https:\/\/www.facebook.com\/aeralux.corp","article_modified_time":"2025-01-10T13:15:57+00:00","og_image":[{"width":1000,"height":769,"url":"https:\/\/eralux.com\/wp-content\/uploads\/2024\/01\/LM-320\u2552\u00b2\u251c\u00b52-e1712330065747.png","type":"image\/png"}],"twitter_card":"summary_large_image","twitter_site":"@eralux_inc","twitter_misc":{"Prix":"&#36;0.00","Disponibilit\u00e9":"En stock"},"schema":{"@context":"https:\/\/schema.org","@graph":[{"@type":"WebPage","@id":"https:\/\/eralux.com\/fr\/produit\/lumina\/","url":"https:\/\/eralux.com\/fr\/produit\/lumina\/","name":"LUMINA - Eralux (Fabricant LED Canada)","isPartOf":{"@id":"https:\/\/eralux.com\/fr\/#website"},"primaryImageOfPage":{"@id":"https:\/\/eralux.com\/fr\/produit\/lumina\/#primaryimage"},"image":{"@id":"https:\/\/eralux.com\/fr\/produit\/lumina\/#primaryimage"},"thumbnailUrl":"https:\/\/eralux.com\/wp-content\/uploads\/2024\/01\/LM-320\u2552\u00b2\u251c\u00b52-e1712330065747.png","datePublished":"2024-01-11T19:30:23+00:00","dateModified":"2025-01-10T13:15:57+00:00","description":"Les luminaires industriels de la s\u00e9rie Lumina sont fabriqu\u00e9s \u00e0 partir de mat\u00e9riaux robustes qui peuvent r\u00e9sister \u00e0 des environnements difficiles. Son efficacit\u00e9 lumineuse \u00e9lev\u00e9e et les diff\u00e9rentes variations de puissance et de TDC lui permettent de se d\u00e9marquer. La s\u00e9rie Lumina est livr\u00e9e en standard avec les indices IP65, IK08 et NSF, ce qui en fait la solution id\u00e9ale pour les environnements difficiles.","breadcrumb":{"@id":"https:\/\/eralux.com\/fr\/produit\/lumina\/#breadcrumb"},"inLanguage":"fr-FR","potentialAction":[{"@type":"ReadAction","target":["https:\/\/eralux.com\/fr\/produit\/lumina\/"]}]},{"@type":"ImageObject","inLanguage":"fr-FR","@id":"https:\/\/eralux.com\/fr\/produit\/lumina\/#primaryimage","url":"https:\/\/eralux.com\/wp-content\/uploads\/2024\/01\/LM-320\u2552\u00b2\u251c\u00b52-e1712330065747.png","contentUrl":"https:\/\/eralux.com\/wp-content\/uploads\/2024\/01\/LM-320\u2552\u00b2\u251c\u00b52-e1712330065747.png","width":1000,"height":769},{"@type":"BreadcrumbList","@id":"https:\/\/eralux.com\/fr\/produit\/lumina\/#breadcrumb","itemListElement":[{"@type":"ListItem","position":1,"name":"Home","item":"https:\/\/eralux.com\/fr\/"},{"@type":"ListItem","position":2,"name":"Shop","item":"https:\/\/eralux.com\/shop\/"},{"@type":"ListItem","position":3,"name":"LUMINA"}]},{"@type":"WebSite","@id":"https:\/\/eralux.com\/fr\/#website","url":"https:\/\/eralux.com\/fr\/","name":"Eralux","description":"World leader for Energy Saving LED Solutions","publisher":{"@id":"https:\/\/eralux.com\/fr\/#organization"},"alternateName":"Led manufacturer Canada","potentialAction":[{"@type":"SearchAction","target":{"@type":"EntryPoint","urlTemplate":"https:\/\/eralux.com\/fr\/?s={search_term_string}"},"query-input":{"@type":"PropertyValueSpecification","valueRequired":true,"valueName":"search_term_string"}}],"inLanguage":"fr-FR"},{"@type":"Organization","@id":"https:\/\/eralux.com\/fr\/#organization","name":"Eralux","url":"https:\/\/eralux.com\/fr\/","logo":{"@type":"ImageObject","inLanguage":"fr-FR","@id":"https:\/\/eralux.com\/fr\/#\/schema\/logo\/image\/","url":"https:\/\/eralux.com\/wp-content\/uploads\/2024\/01\/eralux-logo-trademark-R.png","contentUrl":"https:\/\/eralux.com\/wp-content\/uploads\/2024\/01\/eralux-logo-trademark-R.png","width":1000,"height":446,"caption":"Eralux"},"image":{"@id":"https:\/\/eralux.com\/fr\/#\/schema\/logo\/image\/"},"sameAs":["https:\/\/www.facebook.com\/aeralux.corp","https:\/\/x.com\/eralux_inc"],"description":"Save on energy with high-performance LED solutions. Choose Eralux for eco-friendly lighting. Explore our range today!"}]},"product_price_amount":"0.00","product_price_currency":"CAD","og_availability":"instock","product_availability":"instock","product_condition":"new"},"_links":{"self":[{"href":"https:\/\/eralux.com\/fr\/wp-json\/wp\/v2\/product\/8650","targetHints":{"allow":["GET"]}}],"collection":[{"href":"https:\/\/eralux.com\/fr\/wp-json\/wp\/v2\/product"}],"about":[{"href":"https:\/\/eralux.com\/fr\/wp-json\/wp\/v2\/types\/product"}],"replies":[{"embeddable":true,"href":"https:\/\/eralux.com\/fr\/wp-json\/wp\/v2\/comments?post=8650"}],"wp:featuredmedia":[{"embeddable":true,"href":"https:\/\/eralux.com\/fr\/wp-json\/wp\/v2\/media\/10497"}],"wp:attachment":[{"href":"https:\/\/eralux.com\/fr\/wp-json\/wp\/v2\/media?parent=8650"}],"wp:term":[{"taxonomy":"product_brand","embeddable":true,"href":"https:\/\/eralux.com\/fr\/wp-json\/wp\/v2\/product_brand?post=8650"},{"taxonomy":"product_cat","embeddable":true,"href":"https:\/\/eralux.com\/fr\/wp-json\/wp\/v2\/product_cat?post=8650"},{"taxonomy":"product_tag","embeddable":true,"href":"https:\/\/eralux.com\/fr\/wp-json\/wp\/v2\/product_tag?post=8650"}],"curies":[{"name":"wp","href":"https:\/\/api.w.org\/{rel}","templated":true}]}}