{"id":8772,"date":"2024-01-15T18:37:49","date_gmt":"2024-01-15T18:37:49","guid":{"rendered":"https:\/\/eralux.com\/?post_type=product&#038;p=8772"},"modified":"2025-08-05T13:09:39","modified_gmt":"2025-08-05T13:09:39","slug":"guardians","status":"publish","type":"product","link":"https:\/\/eralux.com\/fr\/produit\/guardians\/","title":{"rendered":"GUARDIANS"},"content":{"rendered":"<p>La s\u00e9rie GUARDIANS est con\u00e7ue pour une installation facile gr\u00e2ce \u00e0 un m\u00e9canisme de verrouillage \u00e0 ressort et \u00e0 rotation, ce qui la rend id\u00e9ale pour les r\u00e9novations et les nouvelles constructions. Son bo\u00eetier en aluminium durable garantit une fiabilit\u00e9 \u00e0 long terme. Offrant une vari\u00e9t\u00e9 d&#8217;options de flux lumineux et de CCT, cette s\u00e9rie offre une flexibilit\u00e9 exceptionnelle. Le grand angle de rayonnement et le rendement lumineux \u00e9lev\u00e9 en font un excellent choix pour l&#8217;\u00e9clairage des grands espaces \u00e0 haut plafond.<\/p>\n","protected":false},"excerpt":{"rendered":"<p>Downlight encastr\u00e9<\/p>\n","protected":false},"featured_media":8800,"comment_status":"open","ping_status":"closed","template":"","meta":{"inline_featured_image":false},"product_brand":[],"product_cat":[1826],"product_tag":[],"class_list":{"0":"post-8772","1":"product","2":"type-product","3":"status-publish","4":"has-post-thumbnail","6":"spec_sheets-wh-fr-4","7":"spec_sheets-bk-fr-6","8":"spec_sheets-p27-fr","9":"spec_sheets-bk-fr-5","10":"spec_sheets-wh-fr-5","11":"spec_sheets-24-fr-4","12":"spec_sheets-p30-fr-2","13":"spec_sheets-gd-fr","14":"spec_sheets-38-fr-5","15":"spec_sheets-p35-fr-2","16":"spec_sheets-df-fr-2","17":"spec_sheets-p40-fr-2","18":"spec_sheets-sp-fr-5","19":"spec_sheets-p50-fr","20":"spec_sheets-uv-fr-5","21":"spec_sheets-flange-finish-fr","22":"spec_sheets-4-fr-2","23":"spec_sheets-60-fr-5","24":"spec_sheets-5-fr-3","25":"spec_sheets-6-2-fr","26":"spec_sheets-x-fr","27":"spec_sheets-cct-cri-fr","28":"spec_sheets-reflector-finish-fr","29":"spec_sheets-beam-angle-fr","30":"spec_sheets-controles","31":"spec_sheets-tension-dentree","32":"spec_sheets-puissance","33":"spec_sheets-taille","34":"spec_sheets-20w-fr","35":"spec_sheets-25w-fr","36":"spec_sheets-30w-fr","37":"spec_sheets-35w-fr","38":"spec_sheets-40w-fr","39":"spec_sheets-45w-fr","40":"product_applications-bureau-commercial","41":"product_applications-education-fr","42":"product_applications-magasin-de-mode","43":"product_applications-sante","44":"product_applications-magasin-de-detail","45":"product_segments-luminaires-encastres","46":"product_cat-ae-dl-gr-fr","48":"first","49":"instock","50":"shipping-taxable","51":"purchasable","52":"product-type-simple"},"yoast_head":"<!-- This site is optimized with the Yoast SEO Premium plugin v24.2 (Yoast SEO v27.4) - https:\/\/yoast.com\/product\/yoast-seo-premium-wordpress\/ -->\n<title>GUARDIANS - Eralux (Fabricant LED Canada)<\/title>\n<meta name=\"description\" content=\"La s\u00e9rie GUARDIANS est con\u00e7ue pour une installation facile gr\u00e2ce \u00e0 un m\u00e9canisme de verrouillage \u00e0 ressort et \u00e0 rotation, ce qui la rend id\u00e9ale pour les r\u00e9novations et les nouvelles constructions. Son bo\u00eetier en aluminium durable garantit une fiabilit\u00e9 \u00e0 long terme. Offrant une vari\u00e9t\u00e9 d&#039;options de flux lumineux et de CCT, cette s\u00e9rie offre une flexibilit\u00e9 exceptionnelle. Le grand angle de rayonnement et le rendement lumineux \u00e9lev\u00e9 en font un excellent choix pour l&#039;\u00e9clairage des grands espaces \u00e0 haut plafond.\" \/>\n<meta name=\"robots\" content=\"index, follow, max-snippet:-1, max-image-preview:large, max-video-preview:-1\" \/>\n<link rel=\"canonical\" href=\"https:\/\/eralux.com\/fr\/produit\/guardians\/\" \/>\n<meta property=\"og:locale\" content=\"fr_FR\" \/>\n<meta property=\"og:type\" content=\"article\" \/>\n<meta property=\"og:title\" content=\"GUARDIANS\" \/>\n<meta property=\"og:description\" content=\"La s\u00e9rie GUARDIANS est con\u00e7ue pour une installation facile gr\u00e2ce \u00e0 un m\u00e9canisme de verrouillage \u00e0 ressort et \u00e0 rotation, ce qui la rend id\u00e9ale pour les r\u00e9novations et les nouvelles constructions. Son bo\u00eetier en aluminium durable garantit une fiabilit\u00e9 \u00e0 long terme. Offrant une vari\u00e9t\u00e9 d&#039;options de flux lumineux et de CCT, cette s\u00e9rie offre une flexibilit\u00e9 exceptionnelle. Le grand angle de rayonnement et le rendement lumineux \u00e9lev\u00e9 en font un excellent choix pour l&#039;\u00e9clairage des grands espaces \u00e0 haut plafond.\" \/>\n<meta property=\"og:url\" content=\"https:\/\/eralux.com\/fr\/produit\/guardians\/\" \/>\n<meta property=\"og:site_name\" content=\"Eralux\" \/>\n<meta property=\"article:publisher\" content=\"https:\/\/www.facebook.com\/aeralux.corp\" \/>\n<meta property=\"article:modified_time\" content=\"2025-08-05T13:09:39+00:00\" \/>\n<meta property=\"og:image\" content=\"https:\/\/eralux.com\/wp-content\/uploads\/2024\/01\/GR-4Inch-SD.png\" \/>\n\t<meta property=\"og:image:width\" content=\"2048\" \/>\n\t<meta property=\"og:image:height\" content=\"2048\" \/>\n\t<meta property=\"og:image:type\" content=\"image\/png\" \/>\n<meta name=\"twitter:card\" content=\"summary_large_image\" \/>\n<meta name=\"twitter:site\" content=\"@eralux_inc\" \/>\n<meta name=\"twitter:label1\" content=\"Prix\" \/>\n\t<meta name=\"twitter:data1\" content=\"&#036;0.00\" \/>\n\t<meta name=\"twitter:label2\" content=\"Disponibilit\u00e9\" \/>\n\t<meta name=\"twitter:data2\" content=\"En stock\" \/>\n<script type=\"application\/ld+json\" class=\"yoast-schema-graph\">{\"@context\":\"https:\\\/\\\/schema.org\",\"@graph\":[{\"@type\":\"WebPage\",\"@id\":\"https:\\\/\\\/eralux.com\\\/fr\\\/produit\\\/guardians\\\/\",\"url\":\"https:\\\/\\\/eralux.com\\\/fr\\\/produit\\\/guardians\\\/\",\"name\":\"GUARDIANS - Eralux (Fabricant LED Canada)\",\"isPartOf\":{\"@id\":\"https:\\\/\\\/eralux.com\\\/fr\\\/#website\"},\"primaryImageOfPage\":{\"@id\":\"https:\\\/\\\/eralux.com\\\/fr\\\/produit\\\/guardians\\\/#primaryimage\"},\"image\":{\"@id\":\"https:\\\/\\\/eralux.com\\\/fr\\\/produit\\\/guardians\\\/#primaryimage\"},\"thumbnailUrl\":\"https:\\\/\\\/eralux.com\\\/wp-content\\\/uploads\\\/2024\\\/01\\\/GR-4Inch-SD.png\",\"datePublished\":\"2024-01-15T18:37:49+00:00\",\"dateModified\":\"2025-08-05T13:09:39+00:00\",\"description\":\"La s\u00e9rie GUARDIANS est con\u00e7ue pour une installation facile gr\u00e2ce \u00e0 un m\u00e9canisme de verrouillage \u00e0 ressort et \u00e0 rotation, ce qui la rend id\u00e9ale pour les r\u00e9novations et les nouvelles constructions. Son bo\u00eetier en aluminium durable garantit une fiabilit\u00e9 \u00e0 long terme. Offrant une vari\u00e9t\u00e9 d'options de flux lumineux et de CCT, cette s\u00e9rie offre une flexibilit\u00e9 exceptionnelle. Le grand angle de rayonnement et le rendement lumineux \u00e9lev\u00e9 en font un excellent choix pour l'\u00e9clairage des grands espaces \u00e0 haut plafond.\",\"breadcrumb\":{\"@id\":\"https:\\\/\\\/eralux.com\\\/fr\\\/produit\\\/guardians\\\/#breadcrumb\"},\"inLanguage\":\"fr-FR\",\"potentialAction\":[{\"@type\":\"ReadAction\",\"target\":[\"https:\\\/\\\/eralux.com\\\/fr\\\/produit\\\/guardians\\\/\"]}]},{\"@type\":\"ImageObject\",\"inLanguage\":\"fr-FR\",\"@id\":\"https:\\\/\\\/eralux.com\\\/fr\\\/produit\\\/guardians\\\/#primaryimage\",\"url\":\"https:\\\/\\\/eralux.com\\\/wp-content\\\/uploads\\\/2024\\\/01\\\/GR-4Inch-SD.png\",\"contentUrl\":\"https:\\\/\\\/eralux.com\\\/wp-content\\\/uploads\\\/2024\\\/01\\\/GR-4Inch-SD.png\",\"width\":2048,\"height\":2048},{\"@type\":\"BreadcrumbList\",\"@id\":\"https:\\\/\\\/eralux.com\\\/fr\\\/produit\\\/guardians\\\/#breadcrumb\",\"itemListElement\":[{\"@type\":\"ListItem\",\"position\":1,\"name\":\"Home\",\"item\":\"https:\\\/\\\/eralux.com\\\/fr\\\/\"},{\"@type\":\"ListItem\",\"position\":2,\"name\":\"Shop\",\"item\":\"https:\\\/\\\/eralux.com\\\/shop\\\/\"},{\"@type\":\"ListItem\",\"position\":3,\"name\":\"GUARDIANS\"}]},{\"@type\":\"WebSite\",\"@id\":\"https:\\\/\\\/eralux.com\\\/fr\\\/#website\",\"url\":\"https:\\\/\\\/eralux.com\\\/fr\\\/\",\"name\":\"Eralux\",\"description\":\"World leader for Energy Saving LED Solutions\",\"publisher\":{\"@id\":\"https:\\\/\\\/eralux.com\\\/fr\\\/#organization\"},\"alternateName\":\"Led manufacturer Canada\",\"potentialAction\":[{\"@type\":\"SearchAction\",\"target\":{\"@type\":\"EntryPoint\",\"urlTemplate\":\"https:\\\/\\\/eralux.com\\\/fr\\\/?s={search_term_string}\"},\"query-input\":{\"@type\":\"PropertyValueSpecification\",\"valueRequired\":true,\"valueName\":\"search_term_string\"}}],\"inLanguage\":\"fr-FR\"},{\"@type\":\"Organization\",\"@id\":\"https:\\\/\\\/eralux.com\\\/fr\\\/#organization\",\"name\":\"Eralux\",\"url\":\"https:\\\/\\\/eralux.com\\\/fr\\\/\",\"logo\":{\"@type\":\"ImageObject\",\"inLanguage\":\"fr-FR\",\"@id\":\"https:\\\/\\\/eralux.com\\\/fr\\\/#\\\/schema\\\/logo\\\/image\\\/\",\"url\":\"https:\\\/\\\/eralux.com\\\/wp-content\\\/uploads\\\/2024\\\/01\\\/eralux-logo-trademark-R.png\",\"contentUrl\":\"https:\\\/\\\/eralux.com\\\/wp-content\\\/uploads\\\/2024\\\/01\\\/eralux-logo-trademark-R.png\",\"width\":1000,\"height\":446,\"caption\":\"Eralux\"},\"image\":{\"@id\":\"https:\\\/\\\/eralux.com\\\/fr\\\/#\\\/schema\\\/logo\\\/image\\\/\"},\"sameAs\":[\"https:\\\/\\\/www.facebook.com\\\/aeralux.corp\",\"https:\\\/\\\/x.com\\\/eralux_inc\"],\"description\":\"Save on energy with high-performance LED solutions. Choose Eralux for eco-friendly lighting. Explore our range today!\"}]}<\/script>\n<meta property=\"product:price:amount\" content=\"0.00\" \/>\n<meta property=\"product:price:currency\" content=\"CAD\" \/>\n<meta property=\"og:availability\" content=\"instock\" \/>\n<meta property=\"product:availability\" content=\"instock\" \/>\n<meta property=\"product:condition\" content=\"new\" \/>\n<!-- \/ Yoast SEO Premium plugin. -->","yoast_head_json":{"title":"GUARDIANS - Eralux (Fabricant LED Canada)","description":"La s\u00e9rie GUARDIANS est con\u00e7ue pour une installation facile gr\u00e2ce \u00e0 un m\u00e9canisme de verrouillage \u00e0 ressort et \u00e0 rotation, ce qui la rend id\u00e9ale pour les r\u00e9novations et les nouvelles constructions. Son bo\u00eetier en aluminium durable garantit une fiabilit\u00e9 \u00e0 long terme. Offrant une vari\u00e9t\u00e9 d'options de flux lumineux et de CCT, cette s\u00e9rie offre une flexibilit\u00e9 exceptionnelle. Le grand angle de rayonnement et le rendement lumineux \u00e9lev\u00e9 en font un excellent choix pour l'\u00e9clairage des grands espaces \u00e0 haut plafond.","robots":{"index":"index","follow":"follow","max-snippet":"max-snippet:-1","max-image-preview":"max-image-preview:large","max-video-preview":"max-video-preview:-1"},"canonical":"https:\/\/eralux.com\/fr\/produit\/guardians\/","og_locale":"fr_FR","og_type":"article","og_title":"GUARDIANS","og_description":"La s\u00e9rie GUARDIANS est con\u00e7ue pour une installation facile gr\u00e2ce \u00e0 un m\u00e9canisme de verrouillage \u00e0 ressort et \u00e0 rotation, ce qui la rend id\u00e9ale pour les r\u00e9novations et les nouvelles constructions. Son bo\u00eetier en aluminium durable garantit une fiabilit\u00e9 \u00e0 long terme. Offrant une vari\u00e9t\u00e9 d'options de flux lumineux et de CCT, cette s\u00e9rie offre une flexibilit\u00e9 exceptionnelle. Le grand angle de rayonnement et le rendement lumineux \u00e9lev\u00e9 en font un excellent choix pour l'\u00e9clairage des grands espaces \u00e0 haut plafond.","og_url":"https:\/\/eralux.com\/fr\/produit\/guardians\/","og_site_name":"Eralux","article_publisher":"https:\/\/www.facebook.com\/aeralux.corp","article_modified_time":"2025-08-05T13:09:39+00:00","og_image":[{"width":2048,"height":2048,"url":"https:\/\/eralux.com\/wp-content\/uploads\/2024\/01\/GR-4Inch-SD.png","type":"image\/png"}],"twitter_card":"summary_large_image","twitter_site":"@eralux_inc","twitter_misc":{"Prix":"&#36;0.00","Disponibilit\u00e9":"En stock"},"schema":{"@context":"https:\/\/schema.org","@graph":[{"@type":"WebPage","@id":"https:\/\/eralux.com\/fr\/produit\/guardians\/","url":"https:\/\/eralux.com\/fr\/produit\/guardians\/","name":"GUARDIANS - Eralux (Fabricant LED Canada)","isPartOf":{"@id":"https:\/\/eralux.com\/fr\/#website"},"primaryImageOfPage":{"@id":"https:\/\/eralux.com\/fr\/produit\/guardians\/#primaryimage"},"image":{"@id":"https:\/\/eralux.com\/fr\/produit\/guardians\/#primaryimage"},"thumbnailUrl":"https:\/\/eralux.com\/wp-content\/uploads\/2024\/01\/GR-4Inch-SD.png","datePublished":"2024-01-15T18:37:49+00:00","dateModified":"2025-08-05T13:09:39+00:00","description":"La s\u00e9rie GUARDIANS est con\u00e7ue pour une installation facile gr\u00e2ce \u00e0 un m\u00e9canisme de verrouillage \u00e0 ressort et \u00e0 rotation, ce qui la rend id\u00e9ale pour les r\u00e9novations et les nouvelles constructions. Son bo\u00eetier en aluminium durable garantit une fiabilit\u00e9 \u00e0 long terme. Offrant une vari\u00e9t\u00e9 d'options de flux lumineux et de CCT, cette s\u00e9rie offre une flexibilit\u00e9 exceptionnelle. Le grand angle de rayonnement et le rendement lumineux \u00e9lev\u00e9 en font un excellent choix pour l'\u00e9clairage des grands espaces \u00e0 haut plafond.","breadcrumb":{"@id":"https:\/\/eralux.com\/fr\/produit\/guardians\/#breadcrumb"},"inLanguage":"fr-FR","potentialAction":[{"@type":"ReadAction","target":["https:\/\/eralux.com\/fr\/produit\/guardians\/"]}]},{"@type":"ImageObject","inLanguage":"fr-FR","@id":"https:\/\/eralux.com\/fr\/produit\/guardians\/#primaryimage","url":"https:\/\/eralux.com\/wp-content\/uploads\/2024\/01\/GR-4Inch-SD.png","contentUrl":"https:\/\/eralux.com\/wp-content\/uploads\/2024\/01\/GR-4Inch-SD.png","width":2048,"height":2048},{"@type":"BreadcrumbList","@id":"https:\/\/eralux.com\/fr\/produit\/guardians\/#breadcrumb","itemListElement":[{"@type":"ListItem","position":1,"name":"Home","item":"https:\/\/eralux.com\/fr\/"},{"@type":"ListItem","position":2,"name":"Shop","item":"https:\/\/eralux.com\/shop\/"},{"@type":"ListItem","position":3,"name":"GUARDIANS"}]},{"@type":"WebSite","@id":"https:\/\/eralux.com\/fr\/#website","url":"https:\/\/eralux.com\/fr\/","name":"Eralux","description":"World leader for Energy Saving LED Solutions","publisher":{"@id":"https:\/\/eralux.com\/fr\/#organization"},"alternateName":"Led manufacturer Canada","potentialAction":[{"@type":"SearchAction","target":{"@type":"EntryPoint","urlTemplate":"https:\/\/eralux.com\/fr\/?s={search_term_string}"},"query-input":{"@type":"PropertyValueSpecification","valueRequired":true,"valueName":"search_term_string"}}],"inLanguage":"fr-FR"},{"@type":"Organization","@id":"https:\/\/eralux.com\/fr\/#organization","name":"Eralux","url":"https:\/\/eralux.com\/fr\/","logo":{"@type":"ImageObject","inLanguage":"fr-FR","@id":"https:\/\/eralux.com\/fr\/#\/schema\/logo\/image\/","url":"https:\/\/eralux.com\/wp-content\/uploads\/2024\/01\/eralux-logo-trademark-R.png","contentUrl":"https:\/\/eralux.com\/wp-content\/uploads\/2024\/01\/eralux-logo-trademark-R.png","width":1000,"height":446,"caption":"Eralux"},"image":{"@id":"https:\/\/eralux.com\/fr\/#\/schema\/logo\/image\/"},"sameAs":["https:\/\/www.facebook.com\/aeralux.corp","https:\/\/x.com\/eralux_inc"],"description":"Save on energy with high-performance LED solutions. Choose Eralux for eco-friendly lighting. Explore our range today!"}]},"product_price_amount":"0.00","product_price_currency":"CAD","og_availability":"instock","product_availability":"instock","product_condition":"new"},"_links":{"self":[{"href":"https:\/\/eralux.com\/fr\/wp-json\/wp\/v2\/product\/8772","targetHints":{"allow":["GET"]}}],"collection":[{"href":"https:\/\/eralux.com\/fr\/wp-json\/wp\/v2\/product"}],"about":[{"href":"https:\/\/eralux.com\/fr\/wp-json\/wp\/v2\/types\/product"}],"replies":[{"embeddable":true,"href":"https:\/\/eralux.com\/fr\/wp-json\/wp\/v2\/comments?post=8772"}],"wp:featuredmedia":[{"embeddable":true,"href":"https:\/\/eralux.com\/fr\/wp-json\/wp\/v2\/media\/8800"}],"wp:attachment":[{"href":"https:\/\/eralux.com\/fr\/wp-json\/wp\/v2\/media?parent=8772"}],"wp:term":[{"taxonomy":"product_brand","embeddable":true,"href":"https:\/\/eralux.com\/fr\/wp-json\/wp\/v2\/product_brand?post=8772"},{"taxonomy":"product_cat","embeddable":true,"href":"https:\/\/eralux.com\/fr\/wp-json\/wp\/v2\/product_cat?post=8772"},{"taxonomy":"product_tag","embeddable":true,"href":"https:\/\/eralux.com\/fr\/wp-json\/wp\/v2\/product_tag?post=8772"}],"curies":[{"name":"wp","href":"https:\/\/api.w.org\/{rel}","templated":true}]}}