{"id":9005,"date":"2024-02-01T21:36:26","date_gmt":"2024-02-01T21:36:26","guid":{"rendered":"https:\/\/eralux.com\/?post_type=product&#038;p=9005"},"modified":"2025-08-07T17:41:10","modified_gmt":"2025-08-07T17:41:10","slug":"shredder","status":"publish","type":"product","link":"https:\/\/eralux.com\/fr\/produit\/shredder\/","title":{"rendered":"SHREDDER"},"content":{"rendered":"<p>Shredder est une borne ronde \u00e0 toit plat persienn\u00e9 qui se caract\u00e9rise par des performances photom\u00e9triques exceptionnelles, un \u00e9clairage uniforme, un design discret, une grande efficacit\u00e9, une longue dur\u00e9e de vie et une installation facile. Il est compos\u00e9 d&#8217;un bo\u00eetier en aluminium moul\u00e9 sous pression avec une finition en peinture poudre r\u00e9sistante aux UV qui offre une protection exceptionnelle contre la corrosion. Ces luminaires sont id\u00e9aux pour les centres commerciaux, les parcs industriels, les \u00e9coles et les universit\u00e9s, les transports publics et les a\u00e9roports, les immeubles de bureaux et les installations m\u00e9dicales.<\/p>\n","protected":false},"excerpt":{"rendered":"<p>Bollards LED light<\/p>\n","protected":false},"featured_media":9041,"comment_status":"open","ping_status":"closed","template":"","meta":{"inline_featured_image":false},"product_brand":[],"product_cat":[1871],"product_tag":[],"class_list":{"0":"post-9005","1":"product","2":"type-product","3":"status-publish","4":"has-post-thumbnail","6":"spec_sheets-70-fr-3","7":"spec_sheets-24w-fr","8":"spec_sheets-tcp-fr","9":"spec_sheets-ca-fr","10":"spec_sheets-bk-fr-2","11":"spec_sheets-cct-fr","12":"spec_sheets-cri-fr","13":"spec_sheets-finition","14":"spec_sheets-tension-dentree","15":"spec_sheets-puissance","16":"product_applications-parking","17":"product_segments-bornes","18":"product_segments-exterieur","19":"product_cat-ae-od-sh-fr","21":"first","22":"instock","23":"shipping-taxable","24":"purchasable","25":"product-type-simple"},"yoast_head":"<!-- This site is optimized with the Yoast SEO Premium plugin v24.2 (Yoast SEO v27.4) - https:\/\/yoast.com\/product\/yoast-seo-premium-wordpress\/ -->\n<title>SHREDDER - Eralux<\/title>\n<meta name=\"description\" content=\"Shredder est une borne ronde \u00e0 toit plat persienn\u00e9 qui se caract\u00e9rise par des performances photom\u00e9triques exceptionnelles, un \u00e9clairage uniforme, un design discret, une grande efficacit\u00e9, une longue dur\u00e9e de vie et une installation facile. Il est compos\u00e9 d&#039;un bo\u00eetier en aluminium moul\u00e9 sous pression avec une finition en peinture poudre r\u00e9sistante aux UV qui offre une protection exceptionnelle contre la corrosion. Ces luminaires sont id\u00e9aux pour les centres commerciaux, les parcs industriels, les \u00e9coles et les universit\u00e9s, les transports publics et les a\u00e9roports, les immeubles de bureaux et les installations m\u00e9dicales.\" \/>\n<meta name=\"robots\" content=\"index, follow, max-snippet:-1, max-image-preview:large, max-video-preview:-1\" \/>\n<link rel=\"canonical\" href=\"https:\/\/eralux.com\/fr\/produit\/shredder\/\" \/>\n<meta property=\"og:locale\" content=\"fr_FR\" \/>\n<meta property=\"og:type\" content=\"article\" \/>\n<meta property=\"og:title\" content=\"SHREDDER\" \/>\n<meta property=\"og:description\" content=\"Shredder est une borne ronde \u00e0 toit plat persienn\u00e9 qui se caract\u00e9rise par des performances photom\u00e9triques exceptionnelles, un \u00e9clairage uniforme, un design discret, une grande efficacit\u00e9, une longue dur\u00e9e de vie et une installation facile. Il est compos\u00e9 d&#039;un bo\u00eetier en aluminium moul\u00e9 sous pression avec une finition en peinture poudre r\u00e9sistante aux UV qui offre une protection exceptionnelle contre la corrosion. Ces luminaires sont id\u00e9aux pour les centres commerciaux, les parcs industriels, les \u00e9coles et les universit\u00e9s, les transports publics et les a\u00e9roports, les immeubles de bureaux et les installations m\u00e9dicales.\" \/>\n<meta property=\"og:url\" content=\"https:\/\/eralux.com\/fr\/produit\/shredder\/\" \/>\n<meta property=\"og:site_name\" content=\"Eralux\" \/>\n<meta property=\"article:publisher\" content=\"https:\/\/www.facebook.com\/aeralux.corp\" \/>\n<meta property=\"article:modified_time\" content=\"2025-08-07T17:41:10+00:00\" \/>\n<meta property=\"og:image\" content=\"https:\/\/eralux.com\/wp-content\/uploads\/2024\/02\/SHREDDER-1-1.png\" \/>\n\t<meta property=\"og:image:width\" content=\"1000\" \/>\n\t<meta property=\"og:image:height\" content=\"1000\" \/>\n\t<meta property=\"og:image:type\" content=\"image\/png\" \/>\n<meta name=\"twitter:card\" content=\"summary_large_image\" \/>\n<meta name=\"twitter:site\" content=\"@eralux_inc\" \/>\n<meta name=\"twitter:label1\" content=\"Prix\" \/>\n\t<meta name=\"twitter:data1\" content=\"&#036;0.00\" \/>\n\t<meta name=\"twitter:label2\" content=\"Disponibilit\u00e9\" \/>\n\t<meta name=\"twitter:data2\" content=\"En stock\" \/>\n<script type=\"application\/ld+json\" class=\"yoast-schema-graph\">{\"@context\":\"https:\\\/\\\/schema.org\",\"@graph\":[{\"@type\":\"WebPage\",\"@id\":\"https:\\\/\\\/eralux.com\\\/fr\\\/produit\\\/shredder\\\/\",\"url\":\"https:\\\/\\\/eralux.com\\\/fr\\\/produit\\\/shredder\\\/\",\"name\":\"SHREDDER - Eralux\",\"isPartOf\":{\"@id\":\"https:\\\/\\\/eralux.com\\\/fr\\\/#website\"},\"primaryImageOfPage\":{\"@id\":\"https:\\\/\\\/eralux.com\\\/fr\\\/produit\\\/shredder\\\/#primaryimage\"},\"image\":{\"@id\":\"https:\\\/\\\/eralux.com\\\/fr\\\/produit\\\/shredder\\\/#primaryimage\"},\"thumbnailUrl\":\"https:\\\/\\\/eralux.com\\\/wp-content\\\/uploads\\\/2024\\\/02\\\/SHREDDER-1-1.png\",\"datePublished\":\"2024-02-01T21:36:26+00:00\",\"dateModified\":\"2025-08-07T17:41:10+00:00\",\"description\":\"Shredder est une borne ronde \u00e0 toit plat persienn\u00e9 qui se caract\u00e9rise par des performances photom\u00e9triques exceptionnelles, un \u00e9clairage uniforme, un design discret, une grande efficacit\u00e9, une longue dur\u00e9e de vie et une installation facile. Il est compos\u00e9 d'un bo\u00eetier en aluminium moul\u00e9 sous pression avec une finition en peinture poudre r\u00e9sistante aux UV qui offre une protection exceptionnelle contre la corrosion. Ces luminaires sont id\u00e9aux pour les centres commerciaux, les parcs industriels, les \u00e9coles et les universit\u00e9s, les transports publics et les a\u00e9roports, les immeubles de bureaux et les installations m\u00e9dicales.\",\"breadcrumb\":{\"@id\":\"https:\\\/\\\/eralux.com\\\/fr\\\/produit\\\/shredder\\\/#breadcrumb\"},\"inLanguage\":\"fr-FR\",\"potentialAction\":[{\"@type\":\"ReadAction\",\"target\":[\"https:\\\/\\\/eralux.com\\\/fr\\\/produit\\\/shredder\\\/\"]}]},{\"@type\":\"ImageObject\",\"inLanguage\":\"fr-FR\",\"@id\":\"https:\\\/\\\/eralux.com\\\/fr\\\/produit\\\/shredder\\\/#primaryimage\",\"url\":\"https:\\\/\\\/eralux.com\\\/wp-content\\\/uploads\\\/2024\\\/02\\\/SHREDDER-1-1.png\",\"contentUrl\":\"https:\\\/\\\/eralux.com\\\/wp-content\\\/uploads\\\/2024\\\/02\\\/SHREDDER-1-1.png\",\"width\":1000,\"height\":1000},{\"@type\":\"BreadcrumbList\",\"@id\":\"https:\\\/\\\/eralux.com\\\/fr\\\/produit\\\/shredder\\\/#breadcrumb\",\"itemListElement\":[{\"@type\":\"ListItem\",\"position\":1,\"name\":\"Home\",\"item\":\"https:\\\/\\\/eralux.com\\\/fr\\\/\"},{\"@type\":\"ListItem\",\"position\":2,\"name\":\"Shop\",\"item\":\"https:\\\/\\\/eralux.com\\\/shop\\\/\"},{\"@type\":\"ListItem\",\"position\":3,\"name\":\"SHREDDER\"}]},{\"@type\":\"WebSite\",\"@id\":\"https:\\\/\\\/eralux.com\\\/fr\\\/#website\",\"url\":\"https:\\\/\\\/eralux.com\\\/fr\\\/\",\"name\":\"Eralux\",\"description\":\"World leader for Energy Saving LED Solutions\",\"publisher\":{\"@id\":\"https:\\\/\\\/eralux.com\\\/fr\\\/#organization\"},\"alternateName\":\"Led manufacturer Canada\",\"potentialAction\":[{\"@type\":\"SearchAction\",\"target\":{\"@type\":\"EntryPoint\",\"urlTemplate\":\"https:\\\/\\\/eralux.com\\\/fr\\\/?s={search_term_string}\"},\"query-input\":{\"@type\":\"PropertyValueSpecification\",\"valueRequired\":true,\"valueName\":\"search_term_string\"}}],\"inLanguage\":\"fr-FR\"},{\"@type\":\"Organization\",\"@id\":\"https:\\\/\\\/eralux.com\\\/fr\\\/#organization\",\"name\":\"Eralux\",\"url\":\"https:\\\/\\\/eralux.com\\\/fr\\\/\",\"logo\":{\"@type\":\"ImageObject\",\"inLanguage\":\"fr-FR\",\"@id\":\"https:\\\/\\\/eralux.com\\\/fr\\\/#\\\/schema\\\/logo\\\/image\\\/\",\"url\":\"https:\\\/\\\/eralux.com\\\/wp-content\\\/uploads\\\/2024\\\/01\\\/eralux-logo-trademark-R.png\",\"contentUrl\":\"https:\\\/\\\/eralux.com\\\/wp-content\\\/uploads\\\/2024\\\/01\\\/eralux-logo-trademark-R.png\",\"width\":1000,\"height\":446,\"caption\":\"Eralux\"},\"image\":{\"@id\":\"https:\\\/\\\/eralux.com\\\/fr\\\/#\\\/schema\\\/logo\\\/image\\\/\"},\"sameAs\":[\"https:\\\/\\\/www.facebook.com\\\/aeralux.corp\",\"https:\\\/\\\/x.com\\\/eralux_inc\"],\"description\":\"Save on energy with high-performance LED solutions. Choose Eralux for eco-friendly lighting. Explore our range today!\"}]}<\/script>\n<meta property=\"product:price:amount\" content=\"0.00\" \/>\n<meta property=\"product:price:currency\" content=\"CAD\" \/>\n<meta property=\"og:availability\" content=\"instock\" \/>\n<meta property=\"product:availability\" content=\"instock\" \/>\n<meta property=\"product:condition\" content=\"new\" \/>\n<!-- \/ Yoast SEO Premium plugin. -->","yoast_head_json":{"title":"SHREDDER - Eralux","description":"Shredder est une borne ronde \u00e0 toit plat persienn\u00e9 qui se caract\u00e9rise par des performances photom\u00e9triques exceptionnelles, un \u00e9clairage uniforme, un design discret, une grande efficacit\u00e9, une longue dur\u00e9e de vie et une installation facile. Il est compos\u00e9 d'un bo\u00eetier en aluminium moul\u00e9 sous pression avec une finition en peinture poudre r\u00e9sistante aux UV qui offre une protection exceptionnelle contre la corrosion. Ces luminaires sont id\u00e9aux pour les centres commerciaux, les parcs industriels, les \u00e9coles et les universit\u00e9s, les transports publics et les a\u00e9roports, les immeubles de bureaux et les installations m\u00e9dicales.","robots":{"index":"index","follow":"follow","max-snippet":"max-snippet:-1","max-image-preview":"max-image-preview:large","max-video-preview":"max-video-preview:-1"},"canonical":"https:\/\/eralux.com\/fr\/produit\/shredder\/","og_locale":"fr_FR","og_type":"article","og_title":"SHREDDER","og_description":"Shredder est une borne ronde \u00e0 toit plat persienn\u00e9 qui se caract\u00e9rise par des performances photom\u00e9triques exceptionnelles, un \u00e9clairage uniforme, un design discret, une grande efficacit\u00e9, une longue dur\u00e9e de vie et une installation facile. Il est compos\u00e9 d'un bo\u00eetier en aluminium moul\u00e9 sous pression avec une finition en peinture poudre r\u00e9sistante aux UV qui offre une protection exceptionnelle contre la corrosion. Ces luminaires sont id\u00e9aux pour les centres commerciaux, les parcs industriels, les \u00e9coles et les universit\u00e9s, les transports publics et les a\u00e9roports, les immeubles de bureaux et les installations m\u00e9dicales.","og_url":"https:\/\/eralux.com\/fr\/produit\/shredder\/","og_site_name":"Eralux","article_publisher":"https:\/\/www.facebook.com\/aeralux.corp","article_modified_time":"2025-08-07T17:41:10+00:00","og_image":[{"width":1000,"height":1000,"url":"https:\/\/eralux.com\/wp-content\/uploads\/2024\/02\/SHREDDER-1-1.png","type":"image\/png"}],"twitter_card":"summary_large_image","twitter_site":"@eralux_inc","twitter_misc":{"Prix":"&#36;0.00","Disponibilit\u00e9":"En stock"},"schema":{"@context":"https:\/\/schema.org","@graph":[{"@type":"WebPage","@id":"https:\/\/eralux.com\/fr\/produit\/shredder\/","url":"https:\/\/eralux.com\/fr\/produit\/shredder\/","name":"SHREDDER - Eralux","isPartOf":{"@id":"https:\/\/eralux.com\/fr\/#website"},"primaryImageOfPage":{"@id":"https:\/\/eralux.com\/fr\/produit\/shredder\/#primaryimage"},"image":{"@id":"https:\/\/eralux.com\/fr\/produit\/shredder\/#primaryimage"},"thumbnailUrl":"https:\/\/eralux.com\/wp-content\/uploads\/2024\/02\/SHREDDER-1-1.png","datePublished":"2024-02-01T21:36:26+00:00","dateModified":"2025-08-07T17:41:10+00:00","description":"Shredder est une borne ronde \u00e0 toit plat persienn\u00e9 qui se caract\u00e9rise par des performances photom\u00e9triques exceptionnelles, un \u00e9clairage uniforme, un design discret, une grande efficacit\u00e9, une longue dur\u00e9e de vie et une installation facile. Il est compos\u00e9 d'un bo\u00eetier en aluminium moul\u00e9 sous pression avec une finition en peinture poudre r\u00e9sistante aux UV qui offre une protection exceptionnelle contre la corrosion. Ces luminaires sont id\u00e9aux pour les centres commerciaux, les parcs industriels, les \u00e9coles et les universit\u00e9s, les transports publics et les a\u00e9roports, les immeubles de bureaux et les installations m\u00e9dicales.","breadcrumb":{"@id":"https:\/\/eralux.com\/fr\/produit\/shredder\/#breadcrumb"},"inLanguage":"fr-FR","potentialAction":[{"@type":"ReadAction","target":["https:\/\/eralux.com\/fr\/produit\/shredder\/"]}]},{"@type":"ImageObject","inLanguage":"fr-FR","@id":"https:\/\/eralux.com\/fr\/produit\/shredder\/#primaryimage","url":"https:\/\/eralux.com\/wp-content\/uploads\/2024\/02\/SHREDDER-1-1.png","contentUrl":"https:\/\/eralux.com\/wp-content\/uploads\/2024\/02\/SHREDDER-1-1.png","width":1000,"height":1000},{"@type":"BreadcrumbList","@id":"https:\/\/eralux.com\/fr\/produit\/shredder\/#breadcrumb","itemListElement":[{"@type":"ListItem","position":1,"name":"Home","item":"https:\/\/eralux.com\/fr\/"},{"@type":"ListItem","position":2,"name":"Shop","item":"https:\/\/eralux.com\/shop\/"},{"@type":"ListItem","position":3,"name":"SHREDDER"}]},{"@type":"WebSite","@id":"https:\/\/eralux.com\/fr\/#website","url":"https:\/\/eralux.com\/fr\/","name":"Eralux","description":"World leader for Energy Saving LED Solutions","publisher":{"@id":"https:\/\/eralux.com\/fr\/#organization"},"alternateName":"Led manufacturer Canada","potentialAction":[{"@type":"SearchAction","target":{"@type":"EntryPoint","urlTemplate":"https:\/\/eralux.com\/fr\/?s={search_term_string}"},"query-input":{"@type":"PropertyValueSpecification","valueRequired":true,"valueName":"search_term_string"}}],"inLanguage":"fr-FR"},{"@type":"Organization","@id":"https:\/\/eralux.com\/fr\/#organization","name":"Eralux","url":"https:\/\/eralux.com\/fr\/","logo":{"@type":"ImageObject","inLanguage":"fr-FR","@id":"https:\/\/eralux.com\/fr\/#\/schema\/logo\/image\/","url":"https:\/\/eralux.com\/wp-content\/uploads\/2024\/01\/eralux-logo-trademark-R.png","contentUrl":"https:\/\/eralux.com\/wp-content\/uploads\/2024\/01\/eralux-logo-trademark-R.png","width":1000,"height":446,"caption":"Eralux"},"image":{"@id":"https:\/\/eralux.com\/fr\/#\/schema\/logo\/image\/"},"sameAs":["https:\/\/www.facebook.com\/aeralux.corp","https:\/\/x.com\/eralux_inc"],"description":"Save on energy with high-performance LED solutions. Choose Eralux for eco-friendly lighting. Explore our range today!"}]},"product_price_amount":"0.00","product_price_currency":"CAD","og_availability":"instock","product_availability":"instock","product_condition":"new"},"_links":{"self":[{"href":"https:\/\/eralux.com\/fr\/wp-json\/wp\/v2\/product\/9005","targetHints":{"allow":["GET"]}}],"collection":[{"href":"https:\/\/eralux.com\/fr\/wp-json\/wp\/v2\/product"}],"about":[{"href":"https:\/\/eralux.com\/fr\/wp-json\/wp\/v2\/types\/product"}],"replies":[{"embeddable":true,"href":"https:\/\/eralux.com\/fr\/wp-json\/wp\/v2\/comments?post=9005"}],"wp:featuredmedia":[{"embeddable":true,"href":"https:\/\/eralux.com\/fr\/wp-json\/wp\/v2\/media\/9041"}],"wp:attachment":[{"href":"https:\/\/eralux.com\/fr\/wp-json\/wp\/v2\/media?parent=9005"}],"wp:term":[{"taxonomy":"product_brand","embeddable":true,"href":"https:\/\/eralux.com\/fr\/wp-json\/wp\/v2\/product_brand?post=9005"},{"taxonomy":"product_cat","embeddable":true,"href":"https:\/\/eralux.com\/fr\/wp-json\/wp\/v2\/product_cat?post=9005"},{"taxonomy":"product_tag","embeddable":true,"href":"https:\/\/eralux.com\/fr\/wp-json\/wp\/v2\/product_tag?post=9005"}],"curies":[{"name":"wp","href":"https:\/\/api.w.org\/{rel}","templated":true}]}}