{"id":9007,"date":"2024-02-01T21:43:46","date_gmt":"2024-02-01T21:43:46","guid":{"rendered":"https:\/\/eralux.com\/?post_type=product&#038;p=9007"},"modified":"2025-11-27T20:48:48","modified_gmt":"2025-11-27T20:48:48","slug":"mauna","status":"publish","type":"product","link":"https:\/\/eralux.com\/fr\/produit\/mauna\/","title":{"rendered":"MAUNA"},"content":{"rendered":"<p>La s\u00e9rie Mauna est un luminaire mural \u00e0 LED de haute qualit\u00e9, durable et \u00e9l\u00e9gant. Sa construction solide et r\u00e9sistante aux intemp\u00e9ries est con\u00e7ue pour les lieux humides et poussi\u00e9reux et fonctionne sans probl\u00e8me dans une large gamme de temp\u00e9ratures. Avec une fonctionnalit\u00e9 de commutation de la puissance et de l&#8217;intensit\u00e9 lumineuse et une efficacit\u00e9 de 130 lumens par watt, la s\u00e9rie Mauna allie flexibilit\u00e9 et haute performance.<\/p>\n","protected":false},"excerpt":{"rendered":"<p>Applique murale ext\u00e9rieure \u00e0 coupe totale<\/p>\n","protected":false},"featured_media":9025,"comment_status":"open","ping_status":"closed","template":"","meta":{"inline_featured_image":false},"product_brand":[],"product_cat":[1877],"product_tag":[],"class_list":{"0":"post-9007","1":"product","2":"type-product","3":"status-publish","4":"has-post-thumbnail","6":"spec_sheets-d-fr-2","7":"spec_sheets-tcp-fr","8":"spec_sheets-ca-fr","9":"spec_sheets-em-fr-2","10":"spec_sheets-wh-fr-2","11":"spec_sheets-bk-fr-2","12":"spec_sheets-bz-fr","13":"spec_sheets-p-fr-2","14":"spec_sheets-cct-fr","15":"spec_sheets-controles","16":"spec_sheets-finition","17":"spec_sheets-tension-dentree","18":"spec_sheets-puissance","19":"spec_sheets-40w-fr","20":"spec_sheets-70w-fr","21":"product_applications-parking","22":"product_segments-exterieur","23":"product_segments-applique-murale","24":"product_cat-ae-wp-mn-fr","26":"first","27":"instock","28":"shipping-taxable","29":"purchasable","30":"product-type-simple"},"yoast_head":"<!-- This site is optimized with the Yoast SEO Premium plugin v24.2 (Yoast SEO v27.5) - https:\/\/yoast.com\/product\/yoast-seo-premium-wordpress\/ -->\n<title>MAUNA - Eralux<\/title>\n<meta name=\"description\" content=\"La s\u00e9rie Mauna est un luminaire LED mural de haute qualit\u00e9, durable et \u00e9l\u00e9gant. Sa structure robuste lui permet d&#039;\u00eatre utilis\u00e9e dans des endroits humides et poussi\u00e9reux et de fonctionner dans une large gamme de temp\u00e9ratures. Mauna est commutable Puissance\/CCT et a 130 L\/l.\" \/>\n<meta name=\"robots\" content=\"index, follow, max-snippet:-1, max-image-preview:large, max-video-preview:-1\" \/>\n<link rel=\"canonical\" href=\"https:\/\/eralux.com\/fr\/produit\/mauna\/\" \/>\n<meta property=\"og:locale\" content=\"fr_FR\" \/>\n<meta property=\"og:type\" content=\"article\" \/>\n<meta property=\"og:title\" content=\"MAUNA\" \/>\n<meta property=\"og:description\" content=\"La s\u00e9rie Mauna est un luminaire LED mural de haute qualit\u00e9, durable et \u00e9l\u00e9gant. Sa structure robuste lui permet d&#039;\u00eatre utilis\u00e9e dans des endroits humides et poussi\u00e9reux et de fonctionner dans une large gamme de temp\u00e9ratures. Mauna est commutable Puissance\/CCT et a 130 L\/l.\" \/>\n<meta property=\"og:url\" content=\"https:\/\/eralux.com\/fr\/produit\/mauna\/\" \/>\n<meta property=\"og:site_name\" content=\"Eralux\" \/>\n<meta property=\"article:publisher\" content=\"https:\/\/www.facebook.com\/aeralux.corp\" \/>\n<meta property=\"article:modified_time\" content=\"2025-11-27T20:48:48+00:00\" \/>\n<meta property=\"og:image\" content=\"https:\/\/eralux.com\/wp-content\/uploads\/2024\/02\/Installation-side.png\" \/>\n\t<meta property=\"og:image:width\" content=\"1000\" \/>\n\t<meta property=\"og:image:height\" content=\"1000\" \/>\n\t<meta property=\"og:image:type\" content=\"image\/png\" \/>\n<meta name=\"twitter:card\" content=\"summary_large_image\" \/>\n<meta name=\"twitter:site\" content=\"@eralux_inc\" \/>\n<meta name=\"twitter:label1\" content=\"Prix\" \/>\n\t<meta name=\"twitter:data1\" content=\"&#036;0.00\" \/>\n\t<meta name=\"twitter:label2\" content=\"Disponibilit\u00e9\" \/>\n\t<meta name=\"twitter:data2\" content=\"En stock\" \/>\n<script type=\"application\/ld+json\" class=\"yoast-schema-graph\">{\"@context\":\"https:\\\/\\\/schema.org\",\"@graph\":[{\"@type\":\"WebPage\",\"@id\":\"https:\\\/\\\/eralux.com\\\/fr\\\/produit\\\/mauna\\\/\",\"url\":\"https:\\\/\\\/eralux.com\\\/fr\\\/produit\\\/mauna\\\/\",\"name\":\"MAUNA - Eralux\",\"isPartOf\":{\"@id\":\"https:\\\/\\\/eralux.com\\\/fr\\\/#website\"},\"primaryImageOfPage\":{\"@id\":\"https:\\\/\\\/eralux.com\\\/fr\\\/produit\\\/mauna\\\/#primaryimage\"},\"image\":{\"@id\":\"https:\\\/\\\/eralux.com\\\/fr\\\/produit\\\/mauna\\\/#primaryimage\"},\"thumbnailUrl\":\"https:\\\/\\\/eralux.com\\\/wp-content\\\/uploads\\\/2024\\\/02\\\/Installation-side.png\",\"datePublished\":\"2024-02-01T21:43:46+00:00\",\"dateModified\":\"2025-11-27T20:48:48+00:00\",\"description\":\"La s\u00e9rie Mauna est un luminaire LED mural de haute qualit\u00e9, durable et \u00e9l\u00e9gant. Sa structure robuste lui permet d'\u00eatre utilis\u00e9e dans des endroits humides et poussi\u00e9reux et de fonctionner dans une large gamme de temp\u00e9ratures. Mauna est commutable Puissance\\\/CCT et a 130 L\\\/l.\",\"breadcrumb\":{\"@id\":\"https:\\\/\\\/eralux.com\\\/fr\\\/produit\\\/mauna\\\/#breadcrumb\"},\"inLanguage\":\"fr-FR\",\"potentialAction\":[{\"@type\":\"ReadAction\",\"target\":[\"https:\\\/\\\/eralux.com\\\/fr\\\/produit\\\/mauna\\\/\"]}]},{\"@type\":\"ImageObject\",\"inLanguage\":\"fr-FR\",\"@id\":\"https:\\\/\\\/eralux.com\\\/fr\\\/produit\\\/mauna\\\/#primaryimage\",\"url\":\"https:\\\/\\\/eralux.com\\\/wp-content\\\/uploads\\\/2024\\\/02\\\/Installation-side.png\",\"contentUrl\":\"https:\\\/\\\/eralux.com\\\/wp-content\\\/uploads\\\/2024\\\/02\\\/Installation-side.png\",\"width\":1000,\"height\":1000},{\"@type\":\"BreadcrumbList\",\"@id\":\"https:\\\/\\\/eralux.com\\\/fr\\\/produit\\\/mauna\\\/#breadcrumb\",\"itemListElement\":[{\"@type\":\"ListItem\",\"position\":1,\"name\":\"Home\",\"item\":\"https:\\\/\\\/eralux.com\\\/fr\\\/\"},{\"@type\":\"ListItem\",\"position\":2,\"name\":\"Shop\",\"item\":\"https:\\\/\\\/eralux.com\\\/shop\\\/\"},{\"@type\":\"ListItem\",\"position\":3,\"name\":\"MAUNA\"}]},{\"@type\":\"WebSite\",\"@id\":\"https:\\\/\\\/eralux.com\\\/fr\\\/#website\",\"url\":\"https:\\\/\\\/eralux.com\\\/fr\\\/\",\"name\":\"Eralux\",\"description\":\"World leader for Energy Saving LED Solutions\",\"publisher\":{\"@id\":\"https:\\\/\\\/eralux.com\\\/fr\\\/#organization\"},\"alternateName\":\"Led manufacturer Canada\",\"potentialAction\":[{\"@type\":\"SearchAction\",\"target\":{\"@type\":\"EntryPoint\",\"urlTemplate\":\"https:\\\/\\\/eralux.com\\\/fr\\\/?s={search_term_string}\"},\"query-input\":{\"@type\":\"PropertyValueSpecification\",\"valueRequired\":true,\"valueName\":\"search_term_string\"}}],\"inLanguage\":\"fr-FR\"},{\"@type\":\"Organization\",\"@id\":\"https:\\\/\\\/eralux.com\\\/fr\\\/#organization\",\"name\":\"Eralux\",\"url\":\"https:\\\/\\\/eralux.com\\\/fr\\\/\",\"logo\":{\"@type\":\"ImageObject\",\"inLanguage\":\"fr-FR\",\"@id\":\"https:\\\/\\\/eralux.com\\\/fr\\\/#\\\/schema\\\/logo\\\/image\\\/\",\"url\":\"https:\\\/\\\/eralux.com\\\/wp-content\\\/uploads\\\/2024\\\/01\\\/eralux-logo-trademark-R.png\",\"contentUrl\":\"https:\\\/\\\/eralux.com\\\/wp-content\\\/uploads\\\/2024\\\/01\\\/eralux-logo-trademark-R.png\",\"width\":1000,\"height\":446,\"caption\":\"Eralux\"},\"image\":{\"@id\":\"https:\\\/\\\/eralux.com\\\/fr\\\/#\\\/schema\\\/logo\\\/image\\\/\"},\"sameAs\":[\"https:\\\/\\\/www.facebook.com\\\/aeralux.corp\",\"https:\\\/\\\/x.com\\\/eralux_inc\"],\"description\":\"Save on energy with high-performance LED solutions. Choose Eralux for eco-friendly lighting. Explore our range today!\"}]}<\/script>\n<meta property=\"product:price:amount\" content=\"0.00\" \/>\n<meta property=\"product:price:currency\" content=\"CAD\" \/>\n<meta property=\"og:availability\" content=\"instock\" \/>\n<meta property=\"product:availability\" content=\"instock\" \/>\n<meta property=\"product:condition\" content=\"new\" \/>\n<!-- \/ Yoast SEO Premium plugin. -->","yoast_head_json":{"title":"MAUNA - Eralux","description":"La s\u00e9rie Mauna est un luminaire LED mural de haute qualit\u00e9, durable et \u00e9l\u00e9gant. Sa structure robuste lui permet d'\u00eatre utilis\u00e9e dans des endroits humides et poussi\u00e9reux et de fonctionner dans une large gamme de temp\u00e9ratures. Mauna est commutable Puissance\/CCT et a 130 L\/l.","robots":{"index":"index","follow":"follow","max-snippet":"max-snippet:-1","max-image-preview":"max-image-preview:large","max-video-preview":"max-video-preview:-1"},"canonical":"https:\/\/eralux.com\/fr\/produit\/mauna\/","og_locale":"fr_FR","og_type":"article","og_title":"MAUNA","og_description":"La s\u00e9rie Mauna est un luminaire LED mural de haute qualit\u00e9, durable et \u00e9l\u00e9gant. Sa structure robuste lui permet d'\u00eatre utilis\u00e9e dans des endroits humides et poussi\u00e9reux et de fonctionner dans une large gamme de temp\u00e9ratures. Mauna est commutable Puissance\/CCT et a 130 L\/l.","og_url":"https:\/\/eralux.com\/fr\/produit\/mauna\/","og_site_name":"Eralux","article_publisher":"https:\/\/www.facebook.com\/aeralux.corp","article_modified_time":"2025-11-27T20:48:48+00:00","og_image":[{"width":1000,"height":1000,"url":"https:\/\/eralux.com\/wp-content\/uploads\/2024\/02\/Installation-side.png","type":"image\/png"}],"twitter_card":"summary_large_image","twitter_site":"@eralux_inc","twitter_misc":{"Prix":"&#36;0.00","Disponibilit\u00e9":"En stock"},"schema":{"@context":"https:\/\/schema.org","@graph":[{"@type":"WebPage","@id":"https:\/\/eralux.com\/fr\/produit\/mauna\/","url":"https:\/\/eralux.com\/fr\/produit\/mauna\/","name":"MAUNA - Eralux","isPartOf":{"@id":"https:\/\/eralux.com\/fr\/#website"},"primaryImageOfPage":{"@id":"https:\/\/eralux.com\/fr\/produit\/mauna\/#primaryimage"},"image":{"@id":"https:\/\/eralux.com\/fr\/produit\/mauna\/#primaryimage"},"thumbnailUrl":"https:\/\/eralux.com\/wp-content\/uploads\/2024\/02\/Installation-side.png","datePublished":"2024-02-01T21:43:46+00:00","dateModified":"2025-11-27T20:48:48+00:00","description":"La s\u00e9rie Mauna est un luminaire LED mural de haute qualit\u00e9, durable et \u00e9l\u00e9gant. Sa structure robuste lui permet d'\u00eatre utilis\u00e9e dans des endroits humides et poussi\u00e9reux et de fonctionner dans une large gamme de temp\u00e9ratures. Mauna est commutable Puissance\/CCT et a 130 L\/l.","breadcrumb":{"@id":"https:\/\/eralux.com\/fr\/produit\/mauna\/#breadcrumb"},"inLanguage":"fr-FR","potentialAction":[{"@type":"ReadAction","target":["https:\/\/eralux.com\/fr\/produit\/mauna\/"]}]},{"@type":"ImageObject","inLanguage":"fr-FR","@id":"https:\/\/eralux.com\/fr\/produit\/mauna\/#primaryimage","url":"https:\/\/eralux.com\/wp-content\/uploads\/2024\/02\/Installation-side.png","contentUrl":"https:\/\/eralux.com\/wp-content\/uploads\/2024\/02\/Installation-side.png","width":1000,"height":1000},{"@type":"BreadcrumbList","@id":"https:\/\/eralux.com\/fr\/produit\/mauna\/#breadcrumb","itemListElement":[{"@type":"ListItem","position":1,"name":"Home","item":"https:\/\/eralux.com\/fr\/"},{"@type":"ListItem","position":2,"name":"Shop","item":"https:\/\/eralux.com\/shop\/"},{"@type":"ListItem","position":3,"name":"MAUNA"}]},{"@type":"WebSite","@id":"https:\/\/eralux.com\/fr\/#website","url":"https:\/\/eralux.com\/fr\/","name":"Eralux","description":"World leader for Energy Saving LED Solutions","publisher":{"@id":"https:\/\/eralux.com\/fr\/#organization"},"alternateName":"Led manufacturer Canada","potentialAction":[{"@type":"SearchAction","target":{"@type":"EntryPoint","urlTemplate":"https:\/\/eralux.com\/fr\/?s={search_term_string}"},"query-input":{"@type":"PropertyValueSpecification","valueRequired":true,"valueName":"search_term_string"}}],"inLanguage":"fr-FR"},{"@type":"Organization","@id":"https:\/\/eralux.com\/fr\/#organization","name":"Eralux","url":"https:\/\/eralux.com\/fr\/","logo":{"@type":"ImageObject","inLanguage":"fr-FR","@id":"https:\/\/eralux.com\/fr\/#\/schema\/logo\/image\/","url":"https:\/\/eralux.com\/wp-content\/uploads\/2024\/01\/eralux-logo-trademark-R.png","contentUrl":"https:\/\/eralux.com\/wp-content\/uploads\/2024\/01\/eralux-logo-trademark-R.png","width":1000,"height":446,"caption":"Eralux"},"image":{"@id":"https:\/\/eralux.com\/fr\/#\/schema\/logo\/image\/"},"sameAs":["https:\/\/www.facebook.com\/aeralux.corp","https:\/\/x.com\/eralux_inc"],"description":"Save on energy with high-performance LED solutions. Choose Eralux for eco-friendly lighting. Explore our range today!"}]},"product_price_amount":"0.00","product_price_currency":"CAD","og_availability":"instock","product_availability":"instock","product_condition":"new"},"_links":{"self":[{"href":"https:\/\/eralux.com\/fr\/wp-json\/wp\/v2\/product\/9007","targetHints":{"allow":["GET"]}}],"collection":[{"href":"https:\/\/eralux.com\/fr\/wp-json\/wp\/v2\/product"}],"about":[{"href":"https:\/\/eralux.com\/fr\/wp-json\/wp\/v2\/types\/product"}],"replies":[{"embeddable":true,"href":"https:\/\/eralux.com\/fr\/wp-json\/wp\/v2\/comments?post=9007"}],"wp:featuredmedia":[{"embeddable":true,"href":"https:\/\/eralux.com\/fr\/wp-json\/wp\/v2\/media\/9025"}],"wp:attachment":[{"href":"https:\/\/eralux.com\/fr\/wp-json\/wp\/v2\/media?parent=9007"}],"wp:term":[{"taxonomy":"product_brand","embeddable":true,"href":"https:\/\/eralux.com\/fr\/wp-json\/wp\/v2\/product_brand?post=9007"},{"taxonomy":"product_cat","embeddable":true,"href":"https:\/\/eralux.com\/fr\/wp-json\/wp\/v2\/product_cat?post=9007"},{"taxonomy":"product_tag","embeddable":true,"href":"https:\/\/eralux.com\/fr\/wp-json\/wp\/v2\/product_tag?post=9007"}],"curies":[{"name":"wp","href":"https:\/\/api.w.org\/{rel}","templated":true}]}}