{"id":9043,"date":"2024-02-01T21:58:22","date_gmt":"2024-02-01T21:58:22","guid":{"rendered":"https:\/\/eralux.com\/?post_type=product&#038;p=9043"},"modified":"2025-11-27T20:47:28","modified_gmt":"2025-11-27T20:47:28","slug":"aspire-dusk-snow-copy-copy","status":"publish","type":"product","link":"https:\/\/eralux.com\/fr\/produit\/aspire-dusk-snow-copy-copy\/","title":{"rendered":"FUJI"},"content":{"rendered":"<p>Le fuji est une approche \u00e9l\u00e9gante pour un luminaire mural. Avec un bo\u00eetier en aluminium moul\u00e9 sous pression, sa conception de refroidissement am\u00e9liore la dissipation de la chaleur et assure une longue dur\u00e9e de vie au syst\u00e8me. Le Fuji offre \u00e9galement une excellente conception optique qui am\u00e9liore consid\u00e9rablement l&#8217;utilisation et l&#8217;uniformit\u00e9 de la lumi\u00e8re. Ce luminaire est la solution id\u00e9ale pour les projets r\u00e9sidentiels et collectifs. Fuji est extr\u00eamement facile \u00e0 installer gr\u00e2ce \u00e0 son kit de montage en surface.<\/p>\n","protected":false},"excerpt":{"rendered":"<p>Applique murale ext\u00e9rieure pour entr\u00e9e<\/p>\n","protected":false},"featured_media":9079,"comment_status":"open","ping_status":"closed","template":"","meta":{"inline_featured_image":false},"product_brand":[],"product_cat":[1878],"product_tag":[],"class_list":{"0":"post-9043","1":"product","2":"type-product","3":"status-publish","4":"has-post-thumbnail","6":"spec_sheets-h-fr","7":"spec_sheets-tcp-fr","8":"spec_sheets-bk-fr-2","9":"spec_sheets-bz-fr","10":"spec_sheets-performance-fr","11":"spec_sheets-cct-fr","12":"spec_sheets-finition","13":"spec_sheets-puissance","14":"spec_sheets-25w-fr","15":"product_applications-parking","16":"product_segments-exterieur","17":"product_segments-applique-murale","18":"product_cat-ae-wp-fj-fr","20":"first","21":"instock","22":"shipping-taxable","23":"purchasable","24":"product-type-simple"},"yoast_head":"<!-- This site is optimized with the Yoast SEO Premium plugin v24.2 (Yoast SEO v27.4) - https:\/\/yoast.com\/product\/yoast-seo-premium-wordpress\/ -->\n<title>FUJI - Eralux<\/title>\n<meta name=\"description\" content=\"Le fuji est une approche \u00e9l\u00e9gante pour un luminaire mural. Avec un bo\u00eetier en aluminium moul\u00e9 sous pression, sa conception de refroidissement am\u00e9liore la dissipation de la chaleur et assure une longue dur\u00e9e de vie au syst\u00e8me. Le Fuji offre \u00e9galement une excellente conception optique qui am\u00e9liore consid\u00e9rablement l&#039;utilisation et l&#039;uniformit\u00e9 de la lumi\u00e8re. Ce luminaire est la solution id\u00e9ale pour les projets r\u00e9sidentiels et collectifs. Fuji est extr\u00eamement facile \u00e0 installer gr\u00e2ce \u00e0 son kit de montage en surface.\" \/>\n<meta name=\"robots\" content=\"index, follow, max-snippet:-1, max-image-preview:large, max-video-preview:-1\" \/>\n<link rel=\"canonical\" href=\"https:\/\/eralux.com\/fr\/produit\/aspire-dusk-snow-copy-copy\/\" \/>\n<meta property=\"og:locale\" content=\"fr_FR\" \/>\n<meta property=\"og:type\" content=\"article\" \/>\n<meta property=\"og:title\" content=\"FUJI\" \/>\n<meta property=\"og:description\" content=\"Le fuji est une approche \u00e9l\u00e9gante pour un luminaire mural. Avec un bo\u00eetier en aluminium moul\u00e9 sous pression, sa conception de refroidissement am\u00e9liore la dissipation de la chaleur et assure une longue dur\u00e9e de vie au syst\u00e8me. Le Fuji offre \u00e9galement une excellente conception optique qui am\u00e9liore consid\u00e9rablement l&#039;utilisation et l&#039;uniformit\u00e9 de la lumi\u00e8re. Ce luminaire est la solution id\u00e9ale pour les projets r\u00e9sidentiels et collectifs. Fuji est extr\u00eamement facile \u00e0 installer gr\u00e2ce \u00e0 son kit de montage en surface.\" \/>\n<meta property=\"og:url\" content=\"https:\/\/eralux.com\/fr\/produit\/aspire-dusk-snow-copy-copy\/\" \/>\n<meta property=\"og:site_name\" content=\"Eralux\" \/>\n<meta property=\"article:publisher\" content=\"https:\/\/www.facebook.com\/aeralux.corp\" \/>\n<meta property=\"article:modified_time\" content=\"2025-11-27T20:47:28+00:00\" \/>\n<meta property=\"og:image\" content=\"https:\/\/eralux.com\/wp-content\/uploads\/2024\/02\/Front-View.png\" \/>\n\t<meta property=\"og:image:width\" content=\"1000\" \/>\n\t<meta property=\"og:image:height\" content=\"1000\" \/>\n\t<meta property=\"og:image:type\" content=\"image\/png\" \/>\n<meta name=\"twitter:card\" content=\"summary_large_image\" \/>\n<meta name=\"twitter:site\" content=\"@eralux_inc\" \/>\n<meta name=\"twitter:label1\" content=\"Prix\" \/>\n\t<meta name=\"twitter:data1\" content=\"&#036;0.00\" \/>\n\t<meta name=\"twitter:label2\" content=\"Disponibilit\u00e9\" \/>\n\t<meta name=\"twitter:data2\" content=\"En stock\" \/>\n<script type=\"application\/ld+json\" class=\"yoast-schema-graph\">{\"@context\":\"https:\\\/\\\/schema.org\",\"@graph\":[{\"@type\":\"WebPage\",\"@id\":\"https:\\\/\\\/eralux.com\\\/fr\\\/produit\\\/aspire-dusk-snow-copy-copy\\\/\",\"url\":\"https:\\\/\\\/eralux.com\\\/fr\\\/produit\\\/aspire-dusk-snow-copy-copy\\\/\",\"name\":\"FUJI - Eralux\",\"isPartOf\":{\"@id\":\"https:\\\/\\\/eralux.com\\\/fr\\\/#website\"},\"primaryImageOfPage\":{\"@id\":\"https:\\\/\\\/eralux.com\\\/fr\\\/produit\\\/aspire-dusk-snow-copy-copy\\\/#primaryimage\"},\"image\":{\"@id\":\"https:\\\/\\\/eralux.com\\\/fr\\\/produit\\\/aspire-dusk-snow-copy-copy\\\/#primaryimage\"},\"thumbnailUrl\":\"https:\\\/\\\/eralux.com\\\/wp-content\\\/uploads\\\/2024\\\/02\\\/Front-View.png\",\"datePublished\":\"2024-02-01T21:58:22+00:00\",\"dateModified\":\"2025-11-27T20:47:28+00:00\",\"description\":\"Le fuji est une approche \u00e9l\u00e9gante pour un luminaire mural. Avec un bo\u00eetier en aluminium moul\u00e9 sous pression, sa conception de refroidissement am\u00e9liore la dissipation de la chaleur et assure une longue dur\u00e9e de vie au syst\u00e8me. Le Fuji offre \u00e9galement une excellente conception optique qui am\u00e9liore consid\u00e9rablement l'utilisation et l'uniformit\u00e9 de la lumi\u00e8re. Ce luminaire est la solution id\u00e9ale pour les projets r\u00e9sidentiels et collectifs. Fuji est extr\u00eamement facile \u00e0 installer gr\u00e2ce \u00e0 son kit de montage en surface.\",\"breadcrumb\":{\"@id\":\"https:\\\/\\\/eralux.com\\\/fr\\\/produit\\\/aspire-dusk-snow-copy-copy\\\/#breadcrumb\"},\"inLanguage\":\"fr-FR\",\"potentialAction\":[{\"@type\":\"ReadAction\",\"target\":[\"https:\\\/\\\/eralux.com\\\/fr\\\/produit\\\/aspire-dusk-snow-copy-copy\\\/\"]}]},{\"@type\":\"ImageObject\",\"inLanguage\":\"fr-FR\",\"@id\":\"https:\\\/\\\/eralux.com\\\/fr\\\/produit\\\/aspire-dusk-snow-copy-copy\\\/#primaryimage\",\"url\":\"https:\\\/\\\/eralux.com\\\/wp-content\\\/uploads\\\/2024\\\/02\\\/Front-View.png\",\"contentUrl\":\"https:\\\/\\\/eralux.com\\\/wp-content\\\/uploads\\\/2024\\\/02\\\/Front-View.png\",\"width\":1000,\"height\":1000},{\"@type\":\"BreadcrumbList\",\"@id\":\"https:\\\/\\\/eralux.com\\\/fr\\\/produit\\\/aspire-dusk-snow-copy-copy\\\/#breadcrumb\",\"itemListElement\":[{\"@type\":\"ListItem\",\"position\":1,\"name\":\"Home\",\"item\":\"https:\\\/\\\/eralux.com\\\/fr\\\/\"},{\"@type\":\"ListItem\",\"position\":2,\"name\":\"Shop\",\"item\":\"https:\\\/\\\/eralux.com\\\/shop\\\/\"},{\"@type\":\"ListItem\",\"position\":3,\"name\":\"FUJI\"}]},{\"@type\":\"WebSite\",\"@id\":\"https:\\\/\\\/eralux.com\\\/fr\\\/#website\",\"url\":\"https:\\\/\\\/eralux.com\\\/fr\\\/\",\"name\":\"Eralux\",\"description\":\"World leader for Energy Saving LED Solutions\",\"publisher\":{\"@id\":\"https:\\\/\\\/eralux.com\\\/fr\\\/#organization\"},\"alternateName\":\"Led manufacturer Canada\",\"potentialAction\":[{\"@type\":\"SearchAction\",\"target\":{\"@type\":\"EntryPoint\",\"urlTemplate\":\"https:\\\/\\\/eralux.com\\\/fr\\\/?s={search_term_string}\"},\"query-input\":{\"@type\":\"PropertyValueSpecification\",\"valueRequired\":true,\"valueName\":\"search_term_string\"}}],\"inLanguage\":\"fr-FR\"},{\"@type\":\"Organization\",\"@id\":\"https:\\\/\\\/eralux.com\\\/fr\\\/#organization\",\"name\":\"Eralux\",\"url\":\"https:\\\/\\\/eralux.com\\\/fr\\\/\",\"logo\":{\"@type\":\"ImageObject\",\"inLanguage\":\"fr-FR\",\"@id\":\"https:\\\/\\\/eralux.com\\\/fr\\\/#\\\/schema\\\/logo\\\/image\\\/\",\"url\":\"https:\\\/\\\/eralux.com\\\/wp-content\\\/uploads\\\/2024\\\/01\\\/eralux-logo-trademark-R.png\",\"contentUrl\":\"https:\\\/\\\/eralux.com\\\/wp-content\\\/uploads\\\/2024\\\/01\\\/eralux-logo-trademark-R.png\",\"width\":1000,\"height\":446,\"caption\":\"Eralux\"},\"image\":{\"@id\":\"https:\\\/\\\/eralux.com\\\/fr\\\/#\\\/schema\\\/logo\\\/image\\\/\"},\"sameAs\":[\"https:\\\/\\\/www.facebook.com\\\/aeralux.corp\",\"https:\\\/\\\/x.com\\\/eralux_inc\"],\"description\":\"Save on energy with high-performance LED solutions. Choose Eralux for eco-friendly lighting. Explore our range today!\"}]}<\/script>\n<meta property=\"product:price:amount\" content=\"0.00\" \/>\n<meta property=\"product:price:currency\" content=\"CAD\" \/>\n<meta property=\"og:availability\" content=\"instock\" \/>\n<meta property=\"product:availability\" content=\"instock\" \/>\n<meta property=\"product:condition\" content=\"new\" \/>\n<!-- \/ Yoast SEO Premium plugin. -->","yoast_head_json":{"title":"FUJI - Eralux","description":"Le fuji est une approche \u00e9l\u00e9gante pour un luminaire mural. Avec un bo\u00eetier en aluminium moul\u00e9 sous pression, sa conception de refroidissement am\u00e9liore la dissipation de la chaleur et assure une longue dur\u00e9e de vie au syst\u00e8me. Le Fuji offre \u00e9galement une excellente conception optique qui am\u00e9liore consid\u00e9rablement l'utilisation et l'uniformit\u00e9 de la lumi\u00e8re. Ce luminaire est la solution id\u00e9ale pour les projets r\u00e9sidentiels et collectifs. Fuji est extr\u00eamement facile \u00e0 installer gr\u00e2ce \u00e0 son kit de montage en surface.","robots":{"index":"index","follow":"follow","max-snippet":"max-snippet:-1","max-image-preview":"max-image-preview:large","max-video-preview":"max-video-preview:-1"},"canonical":"https:\/\/eralux.com\/fr\/produit\/aspire-dusk-snow-copy-copy\/","og_locale":"fr_FR","og_type":"article","og_title":"FUJI","og_description":"Le fuji est une approche \u00e9l\u00e9gante pour un luminaire mural. Avec un bo\u00eetier en aluminium moul\u00e9 sous pression, sa conception de refroidissement am\u00e9liore la dissipation de la chaleur et assure une longue dur\u00e9e de vie au syst\u00e8me. Le Fuji offre \u00e9galement une excellente conception optique qui am\u00e9liore consid\u00e9rablement l'utilisation et l'uniformit\u00e9 de la lumi\u00e8re. Ce luminaire est la solution id\u00e9ale pour les projets r\u00e9sidentiels et collectifs. Fuji est extr\u00eamement facile \u00e0 installer gr\u00e2ce \u00e0 son kit de montage en surface.","og_url":"https:\/\/eralux.com\/fr\/produit\/aspire-dusk-snow-copy-copy\/","og_site_name":"Eralux","article_publisher":"https:\/\/www.facebook.com\/aeralux.corp","article_modified_time":"2025-11-27T20:47:28+00:00","og_image":[{"width":1000,"height":1000,"url":"https:\/\/eralux.com\/wp-content\/uploads\/2024\/02\/Front-View.png","type":"image\/png"}],"twitter_card":"summary_large_image","twitter_site":"@eralux_inc","twitter_misc":{"Prix":"&#36;0.00","Disponibilit\u00e9":"En stock"},"schema":{"@context":"https:\/\/schema.org","@graph":[{"@type":"WebPage","@id":"https:\/\/eralux.com\/fr\/produit\/aspire-dusk-snow-copy-copy\/","url":"https:\/\/eralux.com\/fr\/produit\/aspire-dusk-snow-copy-copy\/","name":"FUJI - Eralux","isPartOf":{"@id":"https:\/\/eralux.com\/fr\/#website"},"primaryImageOfPage":{"@id":"https:\/\/eralux.com\/fr\/produit\/aspire-dusk-snow-copy-copy\/#primaryimage"},"image":{"@id":"https:\/\/eralux.com\/fr\/produit\/aspire-dusk-snow-copy-copy\/#primaryimage"},"thumbnailUrl":"https:\/\/eralux.com\/wp-content\/uploads\/2024\/02\/Front-View.png","datePublished":"2024-02-01T21:58:22+00:00","dateModified":"2025-11-27T20:47:28+00:00","description":"Le fuji est une approche \u00e9l\u00e9gante pour un luminaire mural. Avec un bo\u00eetier en aluminium moul\u00e9 sous pression, sa conception de refroidissement am\u00e9liore la dissipation de la chaleur et assure une longue dur\u00e9e de vie au syst\u00e8me. Le Fuji offre \u00e9galement une excellente conception optique qui am\u00e9liore consid\u00e9rablement l'utilisation et l'uniformit\u00e9 de la lumi\u00e8re. Ce luminaire est la solution id\u00e9ale pour les projets r\u00e9sidentiels et collectifs. Fuji est extr\u00eamement facile \u00e0 installer gr\u00e2ce \u00e0 son kit de montage en surface.","breadcrumb":{"@id":"https:\/\/eralux.com\/fr\/produit\/aspire-dusk-snow-copy-copy\/#breadcrumb"},"inLanguage":"fr-FR","potentialAction":[{"@type":"ReadAction","target":["https:\/\/eralux.com\/fr\/produit\/aspire-dusk-snow-copy-copy\/"]}]},{"@type":"ImageObject","inLanguage":"fr-FR","@id":"https:\/\/eralux.com\/fr\/produit\/aspire-dusk-snow-copy-copy\/#primaryimage","url":"https:\/\/eralux.com\/wp-content\/uploads\/2024\/02\/Front-View.png","contentUrl":"https:\/\/eralux.com\/wp-content\/uploads\/2024\/02\/Front-View.png","width":1000,"height":1000},{"@type":"BreadcrumbList","@id":"https:\/\/eralux.com\/fr\/produit\/aspire-dusk-snow-copy-copy\/#breadcrumb","itemListElement":[{"@type":"ListItem","position":1,"name":"Home","item":"https:\/\/eralux.com\/fr\/"},{"@type":"ListItem","position":2,"name":"Shop","item":"https:\/\/eralux.com\/shop\/"},{"@type":"ListItem","position":3,"name":"FUJI"}]},{"@type":"WebSite","@id":"https:\/\/eralux.com\/fr\/#website","url":"https:\/\/eralux.com\/fr\/","name":"Eralux","description":"World leader for Energy Saving LED Solutions","publisher":{"@id":"https:\/\/eralux.com\/fr\/#organization"},"alternateName":"Led manufacturer Canada","potentialAction":[{"@type":"SearchAction","target":{"@type":"EntryPoint","urlTemplate":"https:\/\/eralux.com\/fr\/?s={search_term_string}"},"query-input":{"@type":"PropertyValueSpecification","valueRequired":true,"valueName":"search_term_string"}}],"inLanguage":"fr-FR"},{"@type":"Organization","@id":"https:\/\/eralux.com\/fr\/#organization","name":"Eralux","url":"https:\/\/eralux.com\/fr\/","logo":{"@type":"ImageObject","inLanguage":"fr-FR","@id":"https:\/\/eralux.com\/fr\/#\/schema\/logo\/image\/","url":"https:\/\/eralux.com\/wp-content\/uploads\/2024\/01\/eralux-logo-trademark-R.png","contentUrl":"https:\/\/eralux.com\/wp-content\/uploads\/2024\/01\/eralux-logo-trademark-R.png","width":1000,"height":446,"caption":"Eralux"},"image":{"@id":"https:\/\/eralux.com\/fr\/#\/schema\/logo\/image\/"},"sameAs":["https:\/\/www.facebook.com\/aeralux.corp","https:\/\/x.com\/eralux_inc"],"description":"Save on energy with high-performance LED solutions. Choose Eralux for eco-friendly lighting. Explore our range today!"}]},"product_price_amount":"0.00","product_price_currency":"CAD","og_availability":"instock","product_availability":"instock","product_condition":"new"},"_links":{"self":[{"href":"https:\/\/eralux.com\/fr\/wp-json\/wp\/v2\/product\/9043","targetHints":{"allow":["GET"]}}],"collection":[{"href":"https:\/\/eralux.com\/fr\/wp-json\/wp\/v2\/product"}],"about":[{"href":"https:\/\/eralux.com\/fr\/wp-json\/wp\/v2\/types\/product"}],"replies":[{"embeddable":true,"href":"https:\/\/eralux.com\/fr\/wp-json\/wp\/v2\/comments?post=9043"}],"wp:featuredmedia":[{"embeddable":true,"href":"https:\/\/eralux.com\/fr\/wp-json\/wp\/v2\/media\/9079"}],"wp:attachment":[{"href":"https:\/\/eralux.com\/fr\/wp-json\/wp\/v2\/media?parent=9043"}],"wp:term":[{"taxonomy":"product_brand","embeddable":true,"href":"https:\/\/eralux.com\/fr\/wp-json\/wp\/v2\/product_brand?post=9043"},{"taxonomy":"product_cat","embeddable":true,"href":"https:\/\/eralux.com\/fr\/wp-json\/wp\/v2\/product_cat?post=9043"},{"taxonomy":"product_tag","embeddable":true,"href":"https:\/\/eralux.com\/fr\/wp-json\/wp\/v2\/product_tag?post=9043"}],"curies":[{"name":"wp","href":"https:\/\/api.w.org\/{rel}","templated":true}]}}