{"id":9155,"date":"2024-01-31T22:41:00","date_gmt":"2024-01-31T22:41:00","guid":{"rendered":"https:\/\/eralux.com\/product\/detecta\/"},"modified":"2025-01-27T14:08:03","modified_gmt":"2025-01-27T14:08:03","slug":"detecta","status":"publish","type":"product","link":"https:\/\/eralux.com\/fr\/produit\/detecta\/","title":{"rendered":"DETECTA"},"content":{"rendered":"<p>La s\u00e9rie DETECTA est un capteur \u00e0 double technologie qui combine un capteur infrarouge\/PIR passif et un syst\u00e8me microphonique en un seul. La combinaison de ces technologies permet au capteur de \u00ab voir \u00bb et \u00ab d\u2019entendre \u00bb l\u2019occupation et de se d\u00e9clencher en cons\u00e9quence. Cela fournit un niveau de contr\u00f4le qui \u00e9vite l&#8217;inconv\u00e9nient d&#8217;avoir uniquement un capteur de mouvement PIR qui \u00e9teint la lumi\u00e8re inutilement.<\/p>\n","protected":false},"excerpt":{"rendered":"<p>CAPTEUR D&#8217;OCCUPATION DE TENSION DE LIGNE<\/p>\n","protected":false},"featured_media":8983,"comment_status":"open","ping_status":"closed","template":"","meta":{"inline_featured_image":false},"product_brand":[],"product_cat":[1869],"product_tag":[],"class_list":{"0":"post-9155","1":"product","2":"type-product","3":"status-publish","4":"has-post-thumbnail","6":"product_applications-bureau-commercial","7":"product_applications-magasin-de-detail","8":"product_applications-industriel","9":"product_segments-bureau-commercial","10":"product_segments-controles","11":"product_cat-ae-ct-dt806-fr","13":"first","14":"instock","15":"shipping-taxable","16":"product-type-simple"},"yoast_head":"<!-- This site is optimized with the Yoast SEO Premium plugin v24.2 (Yoast SEO v27.5) - https:\/\/yoast.com\/product\/yoast-seo-premium-wordpress\/ -->\n<title>DETECTA - Eralux<\/title>\n<meta name=\"description\" content=\"La s\u00e9rie DETECTA est un capteur \u00e0 double technologie qui combine un capteur infrarouge\/PIR passif et un syst\u00e8me microphonique en un seul. La combinaison de ces technologies permet au capteur de \u00ab voir \u00bb et \u00ab d\u2019entendre \u00bb l\u2019occupation et de se d\u00e9clencher en cons\u00e9quence. Cela fournit un niveau de contr\u00f4le qui \u00e9vite l&#039;inconv\u00e9nient d&#039;avoir uniquement un capteur de mouvement PIR qui \u00e9teint la lumi\u00e8re inutilement.\" \/>\n<meta name=\"robots\" content=\"index, follow, max-snippet:-1, max-image-preview:large, max-video-preview:-1\" \/>\n<link rel=\"canonical\" href=\"https:\/\/eralux.com\/fr\/produit\/detecta\/\" \/>\n<meta property=\"og:locale\" content=\"fr_FR\" \/>\n<meta property=\"og:type\" content=\"article\" \/>\n<meta property=\"og:title\" content=\"DETECTA\" \/>\n<meta property=\"og:description\" content=\"La s\u00e9rie DETECTA est un capteur \u00e0 double technologie qui combine un capteur infrarouge\/PIR passif et un syst\u00e8me microphonique en un seul. La combinaison de ces technologies permet au capteur de \u00ab voir \u00bb et \u00ab d\u2019entendre \u00bb l\u2019occupation et de se d\u00e9clencher en cons\u00e9quence. Cela fournit un niveau de contr\u00f4le qui \u00e9vite l&#039;inconv\u00e9nient d&#039;avoir uniquement un capteur de mouvement PIR qui \u00e9teint la lumi\u00e8re inutilement.\" \/>\n<meta property=\"og:url\" content=\"https:\/\/eralux.com\/fr\/produit\/detecta\/\" \/>\n<meta property=\"og:site_name\" content=\"Eralux\" \/>\n<meta property=\"article:publisher\" content=\"https:\/\/www.facebook.com\/aeralux.corp\" \/>\n<meta property=\"article:modified_time\" content=\"2025-01-27T14:08:03+00:00\" \/>\n<meta property=\"og:image\" content=\"https:\/\/eralux.com\/wp-content\/uploads\/2024\/01\/Detecta-Series.png\" \/>\n\t<meta property=\"og:image:width\" content=\"1000\" \/>\n\t<meta property=\"og:image:height\" content=\"1000\" \/>\n\t<meta property=\"og:image:type\" content=\"image\/png\" \/>\n<meta name=\"twitter:card\" content=\"summary_large_image\" \/>\n<meta name=\"twitter:site\" content=\"@eralux_inc\" \/>\n<meta name=\"twitter:label1\" content=\"Prix\" \/>\n\t<meta name=\"twitter:data1\" content=\"\" \/>\n\t<meta name=\"twitter:label2\" content=\"Disponibilit\u00e9\" \/>\n\t<meta name=\"twitter:data2\" content=\"En stock\" \/>\n<script type=\"application\/ld+json\" class=\"yoast-schema-graph\">{\"@context\":\"https:\\\/\\\/schema.org\",\"@graph\":[{\"@type\":\"WebPage\",\"@id\":\"https:\\\/\\\/eralux.com\\\/fr\\\/produit\\\/detecta\\\/\",\"url\":\"https:\\\/\\\/eralux.com\\\/fr\\\/produit\\\/detecta\\\/\",\"name\":\"DETECTA - Eralux\",\"isPartOf\":{\"@id\":\"https:\\\/\\\/eralux.com\\\/fr\\\/#website\"},\"primaryImageOfPage\":{\"@id\":\"https:\\\/\\\/eralux.com\\\/fr\\\/produit\\\/detecta\\\/#primaryimage\"},\"image\":{\"@id\":\"https:\\\/\\\/eralux.com\\\/fr\\\/produit\\\/detecta\\\/#primaryimage\"},\"thumbnailUrl\":\"https:\\\/\\\/eralux.com\\\/wp-content\\\/uploads\\\/2024\\\/01\\\/Detecta-Series.png\",\"datePublished\":\"2024-01-31T22:41:00+00:00\",\"dateModified\":\"2025-01-27T14:08:03+00:00\",\"description\":\"La s\u00e9rie DETECTA est un capteur \u00e0 double technologie qui combine un capteur infrarouge\\\/PIR passif et un syst\u00e8me microphonique en un seul. La combinaison de ces technologies permet au capteur de \u00ab voir \u00bb et \u00ab d\u2019entendre \u00bb l\u2019occupation et de se d\u00e9clencher en cons\u00e9quence. Cela fournit un niveau de contr\u00f4le qui \u00e9vite l'inconv\u00e9nient d'avoir uniquement un capteur de mouvement PIR qui \u00e9teint la lumi\u00e8re inutilement.\",\"breadcrumb\":{\"@id\":\"https:\\\/\\\/eralux.com\\\/fr\\\/produit\\\/detecta\\\/#breadcrumb\"},\"inLanguage\":\"fr-FR\",\"potentialAction\":[{\"@type\":\"ReadAction\",\"target\":[\"https:\\\/\\\/eralux.com\\\/fr\\\/produit\\\/detecta\\\/\"]}]},{\"@type\":\"ImageObject\",\"inLanguage\":\"fr-FR\",\"@id\":\"https:\\\/\\\/eralux.com\\\/fr\\\/produit\\\/detecta\\\/#primaryimage\",\"url\":\"https:\\\/\\\/eralux.com\\\/wp-content\\\/uploads\\\/2024\\\/01\\\/Detecta-Series.png\",\"contentUrl\":\"https:\\\/\\\/eralux.com\\\/wp-content\\\/uploads\\\/2024\\\/01\\\/Detecta-Series.png\",\"width\":1000,\"height\":1000},{\"@type\":\"BreadcrumbList\",\"@id\":\"https:\\\/\\\/eralux.com\\\/fr\\\/produit\\\/detecta\\\/#breadcrumb\",\"itemListElement\":[{\"@type\":\"ListItem\",\"position\":1,\"name\":\"Home\",\"item\":\"https:\\\/\\\/eralux.com\\\/fr\\\/\"},{\"@type\":\"ListItem\",\"position\":2,\"name\":\"Shop\",\"item\":\"https:\\\/\\\/eralux.com\\\/shop\\\/\"},{\"@type\":\"ListItem\",\"position\":3,\"name\":\"DETECTA\"}]},{\"@type\":\"WebSite\",\"@id\":\"https:\\\/\\\/eralux.com\\\/fr\\\/#website\",\"url\":\"https:\\\/\\\/eralux.com\\\/fr\\\/\",\"name\":\"Eralux\",\"description\":\"World leader for Energy Saving LED Solutions\",\"publisher\":{\"@id\":\"https:\\\/\\\/eralux.com\\\/fr\\\/#organization\"},\"alternateName\":\"Led manufacturer Canada\",\"potentialAction\":[{\"@type\":\"SearchAction\",\"target\":{\"@type\":\"EntryPoint\",\"urlTemplate\":\"https:\\\/\\\/eralux.com\\\/fr\\\/?s={search_term_string}\"},\"query-input\":{\"@type\":\"PropertyValueSpecification\",\"valueRequired\":true,\"valueName\":\"search_term_string\"}}],\"inLanguage\":\"fr-FR\"},{\"@type\":\"Organization\",\"@id\":\"https:\\\/\\\/eralux.com\\\/fr\\\/#organization\",\"name\":\"Eralux\",\"url\":\"https:\\\/\\\/eralux.com\\\/fr\\\/\",\"logo\":{\"@type\":\"ImageObject\",\"inLanguage\":\"fr-FR\",\"@id\":\"https:\\\/\\\/eralux.com\\\/fr\\\/#\\\/schema\\\/logo\\\/image\\\/\",\"url\":\"https:\\\/\\\/eralux.com\\\/wp-content\\\/uploads\\\/2024\\\/01\\\/eralux-logo-trademark-R.png\",\"contentUrl\":\"https:\\\/\\\/eralux.com\\\/wp-content\\\/uploads\\\/2024\\\/01\\\/eralux-logo-trademark-R.png\",\"width\":1000,\"height\":446,\"caption\":\"Eralux\"},\"image\":{\"@id\":\"https:\\\/\\\/eralux.com\\\/fr\\\/#\\\/schema\\\/logo\\\/image\\\/\"},\"sameAs\":[\"https:\\\/\\\/www.facebook.com\\\/aeralux.corp\",\"https:\\\/\\\/x.com\\\/eralux_inc\"],\"description\":\"Save on energy with high-performance LED solutions. Choose Eralux for eco-friendly lighting. Explore our range today!\"}]}<\/script>\n<meta property=\"product:price:currency\" content=\"CAD\" \/>\n<meta property=\"og:availability\" content=\"instock\" \/>\n<meta property=\"product:availability\" content=\"instock\" \/>\n<meta property=\"product:condition\" content=\"new\" \/>\n<!-- \/ Yoast SEO Premium plugin. -->","yoast_head_json":{"title":"DETECTA - Eralux","description":"La s\u00e9rie DETECTA est un capteur \u00e0 double technologie qui combine un capteur infrarouge\/PIR passif et un syst\u00e8me microphonique en un seul. La combinaison de ces technologies permet au capteur de \u00ab voir \u00bb et \u00ab d\u2019entendre \u00bb l\u2019occupation et de se d\u00e9clencher en cons\u00e9quence. Cela fournit un niveau de contr\u00f4le qui \u00e9vite l'inconv\u00e9nient d'avoir uniquement un capteur de mouvement PIR qui \u00e9teint la lumi\u00e8re inutilement.","robots":{"index":"index","follow":"follow","max-snippet":"max-snippet:-1","max-image-preview":"max-image-preview:large","max-video-preview":"max-video-preview:-1"},"canonical":"https:\/\/eralux.com\/fr\/produit\/detecta\/","og_locale":"fr_FR","og_type":"article","og_title":"DETECTA","og_description":"La s\u00e9rie DETECTA est un capteur \u00e0 double technologie qui combine un capteur infrarouge\/PIR passif et un syst\u00e8me microphonique en un seul. La combinaison de ces technologies permet au capteur de \u00ab voir \u00bb et \u00ab d\u2019entendre \u00bb l\u2019occupation et de se d\u00e9clencher en cons\u00e9quence. Cela fournit un niveau de contr\u00f4le qui \u00e9vite l'inconv\u00e9nient d'avoir uniquement un capteur de mouvement PIR qui \u00e9teint la lumi\u00e8re inutilement.","og_url":"https:\/\/eralux.com\/fr\/produit\/detecta\/","og_site_name":"Eralux","article_publisher":"https:\/\/www.facebook.com\/aeralux.corp","article_modified_time":"2025-01-27T14:08:03+00:00","og_image":[{"width":1000,"height":1000,"url":"https:\/\/eralux.com\/wp-content\/uploads\/2024\/01\/Detecta-Series.png","type":"image\/png"}],"twitter_card":"summary_large_image","twitter_site":"@eralux_inc","twitter_misc":{"Prix":"","Disponibilit\u00e9":"En stock"},"schema":{"@context":"https:\/\/schema.org","@graph":[{"@type":"WebPage","@id":"https:\/\/eralux.com\/fr\/produit\/detecta\/","url":"https:\/\/eralux.com\/fr\/produit\/detecta\/","name":"DETECTA - Eralux","isPartOf":{"@id":"https:\/\/eralux.com\/fr\/#website"},"primaryImageOfPage":{"@id":"https:\/\/eralux.com\/fr\/produit\/detecta\/#primaryimage"},"image":{"@id":"https:\/\/eralux.com\/fr\/produit\/detecta\/#primaryimage"},"thumbnailUrl":"https:\/\/eralux.com\/wp-content\/uploads\/2024\/01\/Detecta-Series.png","datePublished":"2024-01-31T22:41:00+00:00","dateModified":"2025-01-27T14:08:03+00:00","description":"La s\u00e9rie DETECTA est un capteur \u00e0 double technologie qui combine un capteur infrarouge\/PIR passif et un syst\u00e8me microphonique en un seul. La combinaison de ces technologies permet au capteur de \u00ab voir \u00bb et \u00ab d\u2019entendre \u00bb l\u2019occupation et de se d\u00e9clencher en cons\u00e9quence. Cela fournit un niveau de contr\u00f4le qui \u00e9vite l'inconv\u00e9nient d'avoir uniquement un capteur de mouvement PIR qui \u00e9teint la lumi\u00e8re inutilement.","breadcrumb":{"@id":"https:\/\/eralux.com\/fr\/produit\/detecta\/#breadcrumb"},"inLanguage":"fr-FR","potentialAction":[{"@type":"ReadAction","target":["https:\/\/eralux.com\/fr\/produit\/detecta\/"]}]},{"@type":"ImageObject","inLanguage":"fr-FR","@id":"https:\/\/eralux.com\/fr\/produit\/detecta\/#primaryimage","url":"https:\/\/eralux.com\/wp-content\/uploads\/2024\/01\/Detecta-Series.png","contentUrl":"https:\/\/eralux.com\/wp-content\/uploads\/2024\/01\/Detecta-Series.png","width":1000,"height":1000},{"@type":"BreadcrumbList","@id":"https:\/\/eralux.com\/fr\/produit\/detecta\/#breadcrumb","itemListElement":[{"@type":"ListItem","position":1,"name":"Home","item":"https:\/\/eralux.com\/fr\/"},{"@type":"ListItem","position":2,"name":"Shop","item":"https:\/\/eralux.com\/shop\/"},{"@type":"ListItem","position":3,"name":"DETECTA"}]},{"@type":"WebSite","@id":"https:\/\/eralux.com\/fr\/#website","url":"https:\/\/eralux.com\/fr\/","name":"Eralux","description":"World leader for Energy Saving LED Solutions","publisher":{"@id":"https:\/\/eralux.com\/fr\/#organization"},"alternateName":"Led manufacturer Canada","potentialAction":[{"@type":"SearchAction","target":{"@type":"EntryPoint","urlTemplate":"https:\/\/eralux.com\/fr\/?s={search_term_string}"},"query-input":{"@type":"PropertyValueSpecification","valueRequired":true,"valueName":"search_term_string"}}],"inLanguage":"fr-FR"},{"@type":"Organization","@id":"https:\/\/eralux.com\/fr\/#organization","name":"Eralux","url":"https:\/\/eralux.com\/fr\/","logo":{"@type":"ImageObject","inLanguage":"fr-FR","@id":"https:\/\/eralux.com\/fr\/#\/schema\/logo\/image\/","url":"https:\/\/eralux.com\/wp-content\/uploads\/2024\/01\/eralux-logo-trademark-R.png","contentUrl":"https:\/\/eralux.com\/wp-content\/uploads\/2024\/01\/eralux-logo-trademark-R.png","width":1000,"height":446,"caption":"Eralux"},"image":{"@id":"https:\/\/eralux.com\/fr\/#\/schema\/logo\/image\/"},"sameAs":["https:\/\/www.facebook.com\/aeralux.corp","https:\/\/x.com\/eralux_inc"],"description":"Save on energy with high-performance LED solutions. Choose Eralux for eco-friendly lighting. Explore our range today!"}]},"product_price_currency":"CAD","og_availability":"instock","product_availability":"instock","product_condition":"new"},"_links":{"self":[{"href":"https:\/\/eralux.com\/fr\/wp-json\/wp\/v2\/product\/9155","targetHints":{"allow":["GET"]}}],"collection":[{"href":"https:\/\/eralux.com\/fr\/wp-json\/wp\/v2\/product"}],"about":[{"href":"https:\/\/eralux.com\/fr\/wp-json\/wp\/v2\/types\/product"}],"replies":[{"embeddable":true,"href":"https:\/\/eralux.com\/fr\/wp-json\/wp\/v2\/comments?post=9155"}],"wp:featuredmedia":[{"embeddable":true,"href":"https:\/\/eralux.com\/fr\/wp-json\/wp\/v2\/media\/8983"}],"wp:attachment":[{"href":"https:\/\/eralux.com\/fr\/wp-json\/wp\/v2\/media?parent=9155"}],"wp:term":[{"taxonomy":"product_brand","embeddable":true,"href":"https:\/\/eralux.com\/fr\/wp-json\/wp\/v2\/product_brand?post=9155"},{"taxonomy":"product_cat","embeddable":true,"href":"https:\/\/eralux.com\/fr\/wp-json\/wp\/v2\/product_cat?post=9155"},{"taxonomy":"product_tag","embeddable":true,"href":"https:\/\/eralux.com\/fr\/wp-json\/wp\/v2\/product_tag?post=9155"}],"curies":[{"name":"wp","href":"https:\/\/api.w.org\/{rel}","templated":true}]}}